{"id":13388,"date":"2023-11-29T13:48:10","date_gmt":"2023-11-29T13:48:10","guid":{"rendered":"https:\/\/giethoornvillage.com\/?page_id=13388"},"modified":"2023-11-30T15:29:27","modified_gmt":"2023-11-30T15:29:27","slug":"witte-hoeve-giethoorn","status":"publish","type":"page","link":"https:\/\/giethoornvillage.com\/de\/witte-hoeve-giethoorn\/","title":{"rendered":"Witte Hoeve Giethoorn"},"content":{"rendered":"\n\n\t<h1>\n\t\t\t\t\tDe Witte Hoeve<br \/>Giethoorn\n\t\t\t\t<\/h1>\n\t<p>Witte hoeve Giethoorn ist <strong>Bootsverleih<\/strong> und <strong>Pfannkuchenrestaurant<\/strong> in einem. De Witte Hoeve ist ein eng verbundenes <strong>Familienunternehmen<\/strong>, das von der Familie Vermeij aus Giethoorn gef\u00fchrt wird. Vom privaten <strong>Parkplatz P4 (rot)<\/strong>, direkt hinter dem Witte Hoeve, k\u00f6nnen Sie in ein Boot oder Ausflugsboot einsteigen. Von den kostenlosen Parkpl\u00e4tzen sind es maximal 4 Gehminuten bis zu den <strong>Booten<\/strong> und der Restaurantterrasse.<\/p>\n\t<figure id=\"attachment_6282\" aria-describedby=\"caption-attachment-6282\"><figcaption id=\"caption-attachment-6282\"><\/figcaption><\/figure>\n<p>De Witte Hoeve ist ein Bootsverleih am <strong>Zuiderpad 32<\/strong>, der mitten im <strong>autofreien Teil<\/strong> von <a href=\"https:\/\/giethoornvillage.com\/de\/\"><strong>Giethoorn<\/strong><\/a> liegt. Wenn Sie in Giethoorn segeln m\u00f6chten, aber kein Boot haben, k\u00f6nnen Sie hier ein Fl\u00fcsterboot oder eine Schaluppe mieten. Sie bieten <strong>35 Fl\u00fcsterboote, Schaluppen und K\u00e4hne<\/strong> zum Mieten an. De Witte Hoeve organisiert auch Touren durch Giethoorn mit einem Ausflugsboot. Neben der M\u00f6glichkeit, ein Boot zu mieten, gibt es ein <strong>(Pfannkuchen-)Restaurant<\/strong> mit Terrasse am Dorfkanal von Giethoorn. Schauen Sie sich hier die Boote an und genie\u00dfen Sie gleichzeitig eine Tasse Kaffee mit Apfelkuchen und Schlagsahne. Sie haben auch einen <strong>eigenen Parkplatz<\/strong> hinter dem Restaurant. Auf ihrer Website <strong>dewittehoeve.nl<\/strong> zeigt De Witte Hoeve sehr sch\u00f6ne Essens-\/Segelpakete. Die Website zeigt den aktuellen Preis einer Schaluppe und\/oder eines Fl\u00fcsterboots sehr transparent an.<\/p>\n\t<h5>Fl\u00fcsterboot Weerribben<\/h5>\n<figure id=\"attachment_13375\" aria-describedby=\"caption-attachment-13375\" style=\"width: 266px\" class=\"wp-caption alignright\"><img decoding=\"async\" data-src=\"https:\/\/giethoornvillage.com\/wp-content\/uploads\/2023\/11\/Screenshot_20231129_115033_Instagram-300x291.jpg\" alt=\"Witte Hoeve Bootsverleih\" width=\"266\" height=\"258\" src=\"data:image\/svg+xml;base64,PHN2ZyB3aWR0aD0iMSIgaGVpZ2h0PSIxIiB4bWxucz0iaHR0cDovL3d3dy53My5vcmcvMjAwMC9zdmciPjwvc3ZnPg==\" class=\"lazyload\" style=\"--smush-placeholder-width: 266px; --smush-placeholder-aspect-ratio: 266\/258;\" \/><figcaption id=\"caption-attachment-13375\" class=\"wp-caption-text\"><strong>die Boote der Witte Hoeve<\/strong><\/figcaption><\/figure>\nDe Witte Hoeve verf\u00fcgt \u00fcber eine Reihe von Fl\u00fcsterbooten zum Mieten. Dabei handelt es sich um offene Stocherk\u00e4hne, die elektrisch angetrieben werden.<br \/>\nOhne den Geruch und L\u00e4rm eines Explosionsmotors ist dieses umweltfreundliche Fl\u00fcsterboot das ideale Transportmittel. Diese Fl\u00fcsterboote sind f\u00fcr <strong>2 bis 5 Personen<\/strong> geeignet.\n<h5>Mieten Sie eine elektrische Schaluppe<\/h5>\n<p>Etwas mehr Komfort und Luxus bieten diese elektrisch angetriebenen Schaluppen. Jede Schaluppe ist mit einem Kunstlederkissensatz ausgestattet. Diese Schaluppen sind an ihren <strong>dunkelgr\u00fcnen Kissen<\/strong> zu erkennen. Durch das <strong>Lenkrad<\/strong> l\u00e4sst sich diese Schaluppe leicht steuern. Au\u00dferdem sind sie mit einem st\u00e4rkeren <strong>Elektromotor<\/strong> ausgestattet.<\/p>\n<h5>SUP in Giethoorn<\/h5>\n<p>Genie\u00dfen Sie SUP-Fahren im Nationalpark Weerribben-Wieden. Entdecken Sie die Abk\u00fcrzungen von Giethoorn mit Ihrem SUP. Hier k\u00f6nnen SUPs f\u00fcr 1 Person gemietet werden.<\/p>\n<h5>Mieten Sie ein Kanu in Weerribben<\/h5>\n<p>Mit einem <strong>Kanu<\/strong> vom Wei\u00dfen Bauernhof aus sind Sie bereit, das Naturschutzgebiet Wieden zu entdecken.<\/p>\n\t\t\t<a href=\"https:\/\/giethoornvillage.com\/de\/giethoorn-bootsverleih\/\" target=\"_blank\" role=\"button\" rel=\"noopener\">\n\t\t\t\t\t\tGiethoorn Bootsverleih \n\t\t<\/a>\n\t<h5>Segelroute Giethoorn<\/h5>\n<p>Das Personal von De Witte Hoeve erkl\u00e4rt Ihnen gerne vorab die Funktionsweise des Motors und die verschiedenen Segelrouten. Sie erhalten eine Segelkarte mit einer vorgeschlagenen Segelroute. Damit Sie an einem Tag in Giethoorn alles sehen und vom Weerribben den Weg zur\u00fcck finden k\u00f6nnen.<\/p>\n<h5>Parken in Giethoorn<\/h5>\n<p>Ihr Auto k\u00f6nnen Sie auf dem <strong>roten Parkplatz P4<\/strong> parken. Dieser befindet sich hinter dem Bootsverleih und Restaurant De Witte Hoeve am <strong>Zuiderpad 32<\/strong> in Giethoorn. Das Parken ist hier <strong>kostenlos<\/strong>.<\/p>\n\t<h5>Wie mache ich eine Reservierung?<\/h5>\n<p>Wenn Sie ein Boot im Grachthof im Voraus buchen, k\u00f6nnen <strong>bootverhuur.dewittehoeve.nl<\/strong> \u00fcber den Bootsverleih oder telefonisch unter <strong>0521-361428<\/strong>\u00a0buchen. Die Reservierung eines Bootes sorgt f\u00fcr einen unbeschwerten Tag in <a href=\"https:\/\/giethoornvillage.com\/de\" target=\"_blank\" rel=\"noopener\"><strong>Giethoorn<\/strong><\/a>. Dies ist sicherlich in den folgenden Sto\u00dfzeiten zu empfehlen:<\/p>\n<ul>\n<li>Pfingstsonntag<\/li>\n<li>Maiferien<\/li>\n<li>Christi Himmelfahrt<\/li>\n<li>Wochenenden von Mai bis September<\/li>\n<li>Sommerferien (Vor allem w\u00e4hrend des Bauhandwerks 2022 Urlaubs)<\/li>\n<\/ul>\n\t\t\t<a href=\"https:\/\/giethoornvillage.com\/de\/giethoorn-bootsverleih\/\" target=\"_blank\" role=\"button\" rel=\"noopener\">\n\t\t\t\t\t\tBoot mieten in Giethoorn\n\t\t<\/a>\n\t<h5>Familienrestaurant de Witte hoeve<\/h5>\n<figure id=\"attachment_13376\" aria-describedby=\"caption-attachment-13376\" style=\"width: 300px\" class=\"wp-caption alignright\"><img decoding=\"async\" data-src=\"https:\/\/giethoornvillage.com\/wp-content\/uploads\/2023\/11\/Screenshot_20231129_114306_Instagram-300x216.jpg\" alt=\"Restaurant de Witte Hoeve\" width=\"300\" height=\"216\" src=\"data:image\/svg+xml;base64,PHN2ZyB3aWR0aD0iMSIgaGVpZ2h0PSIxIiB4bWxucz0iaHR0cDovL3d3dy53My5vcmcvMjAwMC9zdmciPjwvc3ZnPg==\" class=\"lazyload\" style=\"--smush-placeholder-width: 300px; --smush-placeholder-aspect-ratio: 300\/216;\" \/><figcaption id=\"caption-attachment-13376\" class=\"wp-caption-text\"><strong>Restaurant de Witte Hoeve<\/strong><\/figcaption><\/figure>\n<p>De Witte Hoeve ist <strong>traditionell<\/strong> f\u00fcr sein <strong>umfangreiches Pfannkuchensortiment<\/strong> bekannt. So etwas Verr\u00fccktes kann man sich nicht vorstellen! Das Restaurant ist auch f\u00fcr seine<strong> Kinderfreundlichkeit<\/strong> bekannt. Das Restaurant de Witte Hoeve liegt direkt am Dorfkanal von Giethoorn. Das Restaurant liegt wirklich im <strong>Zentrum von Giethoorn<\/strong>. Wenn Sie das Restaurant betreten, haben Sie das Gef\u00fchl, ein Wohnzimmer zu betreten. Mit seinem eigenen <strong>kostenlosen Parkplatz<\/strong> vor der T\u00fcr hat das Restaurant im Vergleich zu anderen <a href=\"https:\/\/giethoornvillage.com\/de\/restaurants-in-giethoorn\/\"><strong>Restaurants in Giethoorn<\/strong><\/a> sicherlich Vorteile, wenn es um das Parken in Giethoorn geht. Das Restaurant verf\u00fcgt \u00fcber einen Innenbereich und einen Au\u00dfenbereich mit Blick auf den Dorfkanal. So k\u00f6nnen Sie Ihr Mittag- oder Abendessen sowohl drinnen als auch drau\u00dfen genie\u00dfen. Sie k\u00f6nnen hier auch auf eine Tasse <strong>Kaffee mit Apfelkuchen<\/strong> oder ein Eis vorbeikommen.<\/p>\n\n","protected":false},"excerpt":{"rendered":"<p>De Witte HoeveGiethoorn Witte hoeve Giethoorn ist Bootsverleih und Pfannkuchenrestaurant in einem. De Witte Hoeve ist ein eng verbundenes Familienunternehmen, das von der Familie Vermeij aus Giethoorn gef\u00fchrt wird. Vom privaten Parkplatz P4 (rot), direkt hinter dem Witte Hoeve, k\u00f6nnen Sie in ein Boot oder Ausflugsboot einsteigen. Von den kostenlosen Parkpl\u00e4tzen sind es maximal 4 [&hellip;]<\/p>\n","protected":false},"author":2,"featured_media":0,"parent":0,"menu_order":40,"comment_status":"closed","ping_status":"closed","template":"","meta":{"site-sidebar-layout":"no-sidebar","site-content-layout":"page-builder","ast-site-content-layout":"full-width-container","site-content-style":"unboxed","site-sidebar-style":"unboxed","ast-global-header-display":"","ast-banner-title-visibility":"","ast-main-header-display":"","ast-hfb-above-header-display":"","ast-hfb-below-header-display":"","ast-hfb-mobile-header-display":"","site-post-title":"disabled","ast-breadcrumbs-content":"","ast-featured-img":"disabled","footer-sml-layout":"","ast-disable-related-posts":"","theme-transparent-header-meta":"default","adv-header-id-meta":"","stick-header-meta":"default","header-above-stick-meta":"","header-main-stick-meta":"","header-below-stick-meta":"","astra-migrate-meta-layouts":"set","ast-page-background-enabled":"default","ast-page-background-meta":{"desktop":{"background-color":"","background-image":"","background-repeat":"repeat","background-position":"center center","background-size":"auto","background-attachment":"scroll","background-type":"","background-media":"","overlay-type":"","overlay-color":"","overlay-opacity":"","overlay-gradient":""},"tablet":{"background-color":"","background-image":"","background-repeat":"repeat","background-position":"center center","background-size":"auto","background-attachment":"scroll","background-type":"","background-media":"","overlay-type":"","overlay-color":"","overlay-opacity":"","overlay-gradient":""},"mobile":{"background-color":"","background-image":"","background-repeat":"repeat","background-position":"center center","background-size":"auto","background-attachment":"scroll","background-type":"","background-media":"","overlay-type":"","overlay-color":"","overlay-opacity":"","overlay-gradient":""}},"ast-content-background-meta":{"desktop":{"background-color":"var(--ast-global-color-5)","background-image":"","background-repeat":"repeat","background-position":"center center","background-size":"auto","background-attachment":"scroll","background-type":"","background-media":"","overlay-type":"","overlay-color":"","overlay-opacity":"","overlay-gradient":""},"tablet":{"background-color":"var(--ast-global-color-5)","background-image":"","background-repeat":"repeat","background-position":"center center","background-size":"auto","background-attachment":"scroll","background-type":"","background-media":"","overlay-type":"","overlay-color":"","overlay-opacity":"","overlay-gradient":""},"mobile":{"background-color":"var(--ast-global-color-5)","background-image":"","background-repeat":"repeat","background-position":"center center","background-size":"auto","background-attachment":"scroll","background-type":"","background-media":"","overlay-type":"","overlay-color":"","overlay-opacity":"","overlay-gradient":""}},"footnotes":""},"class_list":["post-13388","page","type-page","status-publish","hentry"],"yoast_head":"<!-- This site is optimized with the Yoast SEO plugin v27.5 - https:\/\/yoast.com\/product\/yoast-seo-wordpress\/ -->\n<title>Witte Hoeve Giethoorn - Restaurant und Bootsverleih<\/title>\n<meta name=\"description\" content=\"Witte Hoeve Giethoorn. Restaurant und Bootsverleih in Giethoorn. Hier k\u00f6nnen Sie ein Fl\u00fcsterboot mieten\" \/>\n<meta name=\"robots\" content=\"index, follow, max-snippet:-1, max-image-preview:large, max-video-preview:-1\" \/>\n<link rel=\"canonical\" href=\"https:\/\/giethoornvillage.com\/de\/witte-hoeve-giethoorn\/\" \/>\n<meta property=\"og:locale\" content=\"de_DE\" \/>\n<meta property=\"og:type\" content=\"article\" \/>\n<meta property=\"og:title\" content=\"Witte Hoeve Giethoorn - Restaurant und Bootsverleih\" \/>\n<meta property=\"og:description\" content=\"Witte Hoeve Giethoorn. Restaurant und Bootsverleih in Giethoorn. Hier k\u00f6nnen Sie ein Fl\u00fcsterboot mieten\" \/>\n<meta property=\"og:url\" content=\"https:\/\/giethoornvillage.com\/de\/witte-hoeve-giethoorn\/\" \/>\n<meta property=\"og:site_name\" content=\"Giethoorn village\" \/>\n<meta property=\"article:publisher\" content=\"https:\/\/facebook.com\/giethoornvillage\" \/>\n<meta property=\"article:modified_time\" content=\"2023-11-30T15:29:27+00:00\" \/>\n<meta property=\"og:image\" content=\"https:\/\/giethoornvillage.com\/wp-content\/uploads\/2023\/11\/Screenshot_20231129_115033_Instagram-300x291.jpg\" \/>\n<meta name=\"twitter:card\" content=\"summary_large_image\" \/>\n<meta name=\"twitter:label1\" content=\"Gesch\u00e4tzte Lesezeit\" \/>\n\t<meta name=\"twitter:data1\" content=\"4\u00a0Minuten\" \/>\n<script type=\"application\/ld+json\" class=\"yoast-schema-graph\">{\"@context\":\"https:\\\/\\\/schema.org\",\"@graph\":[{\"@type\":\"WebPage\",\"@id\":\"https:\\\/\\\/giethoornvillage.com\\\/de\\\/witte-hoeve-giethoorn\\\/\",\"url\":\"https:\\\/\\\/giethoornvillage.com\\\/de\\\/witte-hoeve-giethoorn\\\/\",\"name\":\"Witte Hoeve Giethoorn - Restaurant und Bootsverleih\",\"isPartOf\":{\"@id\":\"https:\\\/\\\/giethoornvillage.com\\\/de\\\/#website\"},\"primaryImageOfPage\":{\"@id\":\"https:\\\/\\\/giethoornvillage.com\\\/de\\\/witte-hoeve-giethoorn\\\/#primaryimage\"},\"image\":{\"@id\":\"https:\\\/\\\/giethoornvillage.com\\\/de\\\/witte-hoeve-giethoorn\\\/#primaryimage\"},\"thumbnailUrl\":\"https:\\\/\\\/giethoornvillage.com\\\/wp-content\\\/uploads\\\/2023\\\/11\\\/Screenshot_20231129_115033_Instagram-300x291.jpg\",\"datePublished\":\"2023-11-29T13:48:10+00:00\",\"dateModified\":\"2023-11-30T15:29:27+00:00\",\"description\":\"Witte Hoeve Giethoorn. Restaurant und Bootsverleih in Giethoorn. Hier k\u00f6nnen Sie ein Fl\u00fcsterboot mieten\",\"breadcrumb\":{\"@id\":\"https:\\\/\\\/giethoornvillage.com\\\/de\\\/witte-hoeve-giethoorn\\\/#breadcrumb\"},\"inLanguage\":\"de\",\"potentialAction\":[{\"@type\":\"ReadAction\",\"target\":[\"https:\\\/\\\/giethoornvillage.com\\\/de\\\/witte-hoeve-giethoorn\\\/\"]}]},{\"@type\":\"ImageObject\",\"inLanguage\":\"de\",\"@id\":\"https:\\\/\\\/giethoornvillage.com\\\/de\\\/witte-hoeve-giethoorn\\\/#primaryimage\",\"url\":\"https:\\\/\\\/giethoornvillage.com\\\/wp-content\\\/uploads\\\/2023\\\/11\\\/Screenshot_20231129_115033_Instagram-300x291.jpg\",\"contentUrl\":\"https:\\\/\\\/giethoornvillage.com\\\/wp-content\\\/uploads\\\/2023\\\/11\\\/Screenshot_20231129_115033_Instagram-300x291.jpg\"},{\"@type\":\"BreadcrumbList\",\"@id\":\"https:\\\/\\\/giethoornvillage.com\\\/de\\\/witte-hoeve-giethoorn\\\/#breadcrumb\",\"itemListElement\":[{\"@type\":\"ListItem\",\"position\":1,\"name\":\"Home\",\"item\":\"https:\\\/\\\/giethoornvillage.com\\\/de\\\/\"},{\"@type\":\"ListItem\",\"position\":2,\"name\":\"Witte Hoeve Giethoorn\"}]},{\"@type\":\"WebSite\",\"@id\":\"https:\\\/\\\/giethoornvillage.com\\\/de\\\/#website\",\"url\":\"https:\\\/\\\/giethoornvillage.com\\\/de\\\/\",\"name\":\"Giethoorn village\",\"description\":\"About Giethoorn in the Netherlands\",\"publisher\":{\"@id\":\"https:\\\/\\\/giethoornvillage.com\\\/de\\\/#organization\"},\"potentialAction\":[{\"@type\":\"SearchAction\",\"target\":{\"@type\":\"EntryPoint\",\"urlTemplate\":\"https:\\\/\\\/giethoornvillage.com\\\/de\\\/?s={search_term_string}\"},\"query-input\":{\"@type\":\"PropertyValueSpecification\",\"valueRequired\":true,\"valueName\":\"search_term_string\"}}],\"inLanguage\":\"de\"},{\"@type\":\"Organization\",\"@id\":\"https:\\\/\\\/giethoornvillage.com\\\/de\\\/#organization\",\"name\":\"Giethoorn village\",\"url\":\"https:\\\/\\\/giethoornvillage.com\\\/de\\\/\",\"logo\":{\"@type\":\"ImageObject\",\"inLanguage\":\"de\",\"@id\":\"https:\\\/\\\/giethoornvillage.com\\\/de\\\/#\\\/schema\\\/logo\\\/image\\\/\",\"url\":\"https:\\\/\\\/giethoornvillage.com\\\/wp-content\\\/uploads\\\/2020\\\/10\\\/giethoorn-village-logo1.2web.png\",\"contentUrl\":\"https:\\\/\\\/giethoornvillage.com\\\/wp-content\\\/uploads\\\/2020\\\/10\\\/giethoorn-village-logo1.2web.png\",\"width\":200,\"height\":72,\"caption\":\"Giethoorn village\"},\"image\":{\"@id\":\"https:\\\/\\\/giethoornvillage.com\\\/de\\\/#\\\/schema\\\/logo\\\/image\\\/\"},\"sameAs\":[\"https:\\\/\\\/facebook.com\\\/giethoornvillage\",\"https:\\\/\\\/www.instagram.com\\\/giethoorn_village\\\/\"]}]}<\/script>\n<!-- \/ Yoast SEO plugin. -->","yoast_head_json":{"title":"Witte Hoeve Giethoorn - Restaurant und Bootsverleih","description":"Witte Hoeve Giethoorn. Restaurant und Bootsverleih in Giethoorn. Hier k\u00f6nnen Sie ein Fl\u00fcsterboot mieten","robots":{"index":"index","follow":"follow","max-snippet":"max-snippet:-1","max-image-preview":"max-image-preview:large","max-video-preview":"max-video-preview:-1"},"canonical":"https:\/\/giethoornvillage.com\/de\/witte-hoeve-giethoorn\/","og_locale":"de_DE","og_type":"article","og_title":"Witte Hoeve Giethoorn - Restaurant und Bootsverleih","og_description":"Witte Hoeve Giethoorn. Restaurant und Bootsverleih in Giethoorn. Hier k\u00f6nnen Sie ein Fl\u00fcsterboot mieten","og_url":"https:\/\/giethoornvillage.com\/de\/witte-hoeve-giethoorn\/","og_site_name":"Giethoorn village","article_publisher":"https:\/\/facebook.com\/giethoornvillage","article_modified_time":"2023-11-30T15:29:27+00:00","og_image":[{"url":"https:\/\/giethoornvillage.com\/wp-content\/uploads\/2023\/11\/Screenshot_20231129_115033_Instagram-300x291.jpg","type":"","width":"","height":""}],"twitter_card":"summary_large_image","twitter_misc":{"Gesch\u00e4tzte Lesezeit":"4\u00a0Minuten"},"schema":{"@context":"https:\/\/schema.org","@graph":[{"@type":"WebPage","@id":"https:\/\/giethoornvillage.com\/de\/witte-hoeve-giethoorn\/","url":"https:\/\/giethoornvillage.com\/de\/witte-hoeve-giethoorn\/","name":"Witte Hoeve Giethoorn - Restaurant und Bootsverleih","isPartOf":{"@id":"https:\/\/giethoornvillage.com\/de\/#website"},"primaryImageOfPage":{"@id":"https:\/\/giethoornvillage.com\/de\/witte-hoeve-giethoorn\/#primaryimage"},"image":{"@id":"https:\/\/giethoornvillage.com\/de\/witte-hoeve-giethoorn\/#primaryimage"},"thumbnailUrl":"https:\/\/giethoornvillage.com\/wp-content\/uploads\/2023\/11\/Screenshot_20231129_115033_Instagram-300x291.jpg","datePublished":"2023-11-29T13:48:10+00:00","dateModified":"2023-11-30T15:29:27+00:00","description":"Witte Hoeve Giethoorn. Restaurant und Bootsverleih in Giethoorn. Hier k\u00f6nnen Sie ein Fl\u00fcsterboot mieten","breadcrumb":{"@id":"https:\/\/giethoornvillage.com\/de\/witte-hoeve-giethoorn\/#breadcrumb"},"inLanguage":"de","potentialAction":[{"@type":"ReadAction","target":["https:\/\/giethoornvillage.com\/de\/witte-hoeve-giethoorn\/"]}]},{"@type":"ImageObject","inLanguage":"de","@id":"https:\/\/giethoornvillage.com\/de\/witte-hoeve-giethoorn\/#primaryimage","url":"https:\/\/giethoornvillage.com\/wp-content\/uploads\/2023\/11\/Screenshot_20231129_115033_Instagram-300x291.jpg","contentUrl":"https:\/\/giethoornvillage.com\/wp-content\/uploads\/2023\/11\/Screenshot_20231129_115033_Instagram-300x291.jpg"},{"@type":"BreadcrumbList","@id":"https:\/\/giethoornvillage.com\/de\/witte-hoeve-giethoorn\/#breadcrumb","itemListElement":[{"@type":"ListItem","position":1,"name":"Home","item":"https:\/\/giethoornvillage.com\/de\/"},{"@type":"ListItem","position":2,"name":"Witte Hoeve Giethoorn"}]},{"@type":"WebSite","@id":"https:\/\/giethoornvillage.com\/de\/#website","url":"https:\/\/giethoornvillage.com\/de\/","name":"Giethoorn village","description":"About Giethoorn in the Netherlands","publisher":{"@id":"https:\/\/giethoornvillage.com\/de\/#organization"},"potentialAction":[{"@type":"SearchAction","target":{"@type":"EntryPoint","urlTemplate":"https:\/\/giethoornvillage.com\/de\/?s={search_term_string}"},"query-input":{"@type":"PropertyValueSpecification","valueRequired":true,"valueName":"search_term_string"}}],"inLanguage":"de"},{"@type":"Organization","@id":"https:\/\/giethoornvillage.com\/de\/#organization","name":"Giethoorn village","url":"https:\/\/giethoornvillage.com\/de\/","logo":{"@type":"ImageObject","inLanguage":"de","@id":"https:\/\/giethoornvillage.com\/de\/#\/schema\/logo\/image\/","url":"https:\/\/giethoornvillage.com\/wp-content\/uploads\/2020\/10\/giethoorn-village-logo1.2web.png","contentUrl":"https:\/\/giethoornvillage.com\/wp-content\/uploads\/2020\/10\/giethoorn-village-logo1.2web.png","width":200,"height":72,"caption":"Giethoorn village"},"image":{"@id":"https:\/\/giethoornvillage.com\/de\/#\/schema\/logo\/image\/"},"sameAs":["https:\/\/facebook.com\/giethoornvillage","https:\/\/www.instagram.com\/giethoorn_village\/"]}]}},"_links":{"self":[{"href":"https:\/\/giethoornvillage.com\/de\/wp-json\/wp\/v2\/pages\/13388","targetHints":{"allow":["GET"]}}],"collection":[{"href":"https:\/\/giethoornvillage.com\/de\/wp-json\/wp\/v2\/pages"}],"about":[{"href":"https:\/\/giethoornvillage.com\/de\/wp-json\/wp\/v2\/types\/page"}],"author":[{"embeddable":true,"href":"https:\/\/giethoornvillage.com\/de\/wp-json\/wp\/v2\/users\/2"}],"replies":[{"embeddable":true,"href":"https:\/\/giethoornvillage.com\/de\/wp-json\/wp\/v2\/comments?post=13388"}],"version-history":[{"count":0,"href":"https:\/\/giethoornvillage.com\/de\/wp-json\/wp\/v2\/pages\/13388\/revisions"}],"wp:attachment":[{"href":"https:\/\/giethoornvillage.com\/de\/wp-json\/wp\/v2\/media?parent=13388"}],"curies":[{"name":"wp","href":"https:\/\/api.w.org\/{rel}","templated":true}]}}