{"id":7343,"date":"2020-04-01T11:39:20","date_gmt":"2020-04-01T11:39:20","guid":{"rendered":"https:\/\/giethoornvillage.com\/was-in-den-niederlanden-zu-tun\/"},"modified":"2025-12-01T11:22:40","modified_gmt":"2025-12-01T11:22:40","slug":"was-in-den-niederlanden-zu-tun","status":"publish","type":"page","link":"https:\/\/giethoornvillage.com\/de\/was-in-den-niederlanden-zu-tun\/","title":{"rendered":"was in den Niederlanden zu tun"},"content":{"rendered":"\n\n\t<h1>\n\t\t\t\t\tWas in den Niederlanden zu tun?\n\t\t\t\t<\/h1>\n\t\t\t<h2>\u00a0<\/h2>\n\t<p>Planen Sie eine Reise in die Niederlande? Hier finden Sie Informationen \u00fcber einige niederl\u00e4ndische St\u00e4dte. Update: die neuesten Corona-Ma\u00dfnahmen pro niederl\u00e4ndischer Stadt hier.<\/p>\n\t<h5>Der niederl\u00e4ndische Kampf gegen Wasser<\/h5>\n<p>Die Niederlande sind untrennbar mit ihren K\u00e4mpfen gegen das Wasser verbunden. Tats\u00e4chlich liegen <strong>26 %<\/strong> <strong>der Niederlande<\/strong> <strong>unter dem Meeresspiegel.<\/strong> Dar\u00fcber hinaus sind 29 % der Fl\u00e4che empfindlich gegen\u00fcber Fluss\u00fcberflutungen. Gl\u00fccklicherweise haben wir <strong>Deiche und D\u00fcnen<\/strong> in den Niederlanden, <strong>um uns zu sch\u00fctzen<\/strong>. Die Niederl\u00e4nder haben gelernt, mit all dem Wasser um sie herum umzugehen. Sie brachte den Niederlanden sogar Wohlstand. So wurde beispielsweise das niederl\u00e4ndische Wasserstra\u00dfennetz f\u00fcr den Transitkanal von G\u00fctern nach und vom \u00fcbrigen Europa genutzt. Daraufhin entstand der niederl\u00e4ndische Hafen Rotterdam. In der Tat, einer der gr\u00f6\u00dften H\u00e4fen der Welt. Die Niederl\u00e4nder sind auch anderen L\u00e4ndern in Bezug auf die Landgewinnung und den Bau von Deichen voraus. Daher werden niederl\u00e4ndische Unternehmen auf der ganzen Welt um Landgewinnungsarbeiten und den Bau von Deichen gebeten.<\/p>\n<h5>Niederl\u00e4ndischer Hoch- und Tiefstpunkt<\/h5>\n<p>Der h\u00f6chste Punkt der Niederlande ist in der Provinz Limburg. Dieser Vaalserberg in der Stadt Vaals ist mit 322 Metern \u00fcber dem durchschnittlichen Meeresspiegel der h\u00f6chste Punkt der Niederlande. Der niederl\u00e4ndische Tiefstand liegt in Nieuwerkerk auf dem IJssel mit 6,78 m unter dem durchschnittlichen Meeresspiegel. Tats\u00e4chlich liegt Nieuwerkerk an der Ijssel in der N\u00e4he von Rotterdam.<\/p>\n<h5>Corona-Pandemie in den Niederlanden<\/h5>\n<p>Fast <strong>20 Millionen ausl\u00e4ndische Touristen besuchten 2019<\/strong> die Niederlande. Aber es wird erwartet, dass <strong>2020 nur 6 Millionen ausl\u00e4ndische Touristen<\/strong> in die Niederlande kommen werden. Zusammenfassend l\u00e4sst sich sagen, dass die Corona-Pandemie diese Zahlen eindeutig beeinflusst.<\/p>\n<p>&nbsp;<\/p>\n\t<h5>\u00dcber Amsterdam<\/h5>\n<p>Amsterdam ist die Hauptstadt und gr\u00f6\u00dfte Stadt der Niederlande. Genau wie viele europ\u00e4ische Hauptst\u00e4dte ist Amsterdam ein perfektes Reiseziel f\u00fcr eine St\u00e4dtereise. Amsterdam ist bekannt f\u00fcr seine Caf\u00e9s, Kan\u00e4le und das Rotlichtviertel. Aber das ist nat\u00fcrlich nicht alles, was Amsterdam zu bieten hat. Amsterdam ist die ideale Stadt f\u00fcr Kulturliebhaber, aber junge Leute k\u00f6nnen auch v\u00f6llig kostenlos gehen. Die Stadt ist sowohl holl\u00e4ndisch als auch extrem kosmopolitisch zugleich, nicht weniger als 178 Nationalit\u00e4ten fanden dort ihre Heimat. Dank der Kan\u00e4le aus dem 17. Jahrhundert und den vielen kulturellen M\u00f6glichkeiten ist diese Stadt eine tolle Sache zu besuchen.<\/p>\n<h5>Selber bootfahren in Amsterdam<\/h5>\n<p>Die sch\u00f6nste Art und Weise Amsterdam zu erkunden ist ein Boot mieten und selber fahren. Daf\u00fcr empfehlen wir\u00a0<a href=\"https:\/\/bootsverleihamsterdam.de\/\" target=\"_blank\" rel=\"noopener\" data-saferedirecturl=\"https:\/\/www.google.com\/url?q=https:\/\/bootsverleihamsterdam.de&amp;source=gmail&amp;ust=1624618786857000&amp;usg=AFQjCNGXPMKMfCFNlWVq5Lk34Kd2QTlEKQ\">Boats4rent Bootsverleih Amsterdam<\/a>\u00a0und\u00a0<a href=\"https:\/\/www.bootmieteninamsterdam.de\/\" target=\"_blank\" rel=\"noopener\" data-saferedirecturl=\"https:\/\/www.google.com\/url?q=https:\/\/www.bootmieteninamsterdam.de&amp;source=gmail&amp;ust=1624618786857000&amp;usg=AFQjCNEI2JshF70O5T9wCb9eKil8rfETsA\">Boaty Bootsvermietung Amsterdam<\/a>. Dort mieten\u00a0Sie ein kleines Grachtenboot ab euro 79,- f\u00fcr eine dreist\u00fcndige Fahrt mit maximal 6 Personen. Beide Firmen haben umweltfreundliche Elektroboote und herausragende Kundenbewertungen.<\/p>\n<h5>Amsterdam light festival<\/h5>\n<p>Jeden Winter wird das Amsterdam Light Festival mit Kunstwerken organisiert, die speziell f\u00fcr das Festival angefertigt wurden. Das Festival feiert in diesem Jahr sogar sein 10-j\u00e4hriges Bestehen. Vom 2. Dezember 2021 bis zum 23. Januar 2022 k\u00f6nnen Sie in Amsterdam alles genie\u00dfen, was im Bereich Licht m\u00f6glich ist. Das Festival arbeitet mit K\u00fcnstlern, Partnern und verschiedenen Akteuren aus der Stadt zusammen, um besondere Projekte zu realisieren. Wussten Sie, dass Sie das Amsterdam Light Festival auch vom Wasser aus mit Steuerbordbooten bewundern k\u00f6nnen?<\/p>\n\t\t\t <p><a href=\"https:\/\/starboardboats.nl\/de\/lichter-festival-amsterdam\/\" target=\"_blank\" rel=\"noopener\">Amsterdam light festival tickets<\/a><\/p>\t\t\n\t\t\t <p><a href=\"https:\/\/giethorn.com\/de\/touren-in-den-niederlanden\/\" target=\"_blank\" rel=\"noopener\">Amsterdam nach Giethoorn<\/a><\/p>\t\t\n\t\t\t <p><a href=\"https:\/\/starboardboats.nl\/de\/boot-mieten-amsterdam\/\" target=\"_blank\" rel=\"noopener\">Boot mieten Amsterdam\u00a0<\/a><\/p>\t\t\n\t\t\t <p><a href=\"https:\/\/bootsverleihamsterdam.de\" target=\"_blank\" rel=\"noopener\">Bootsverleih Amsterdam<\/a><\/p>\t\t\n\t\t\t <p><a href=\"https:\/\/www.bootmieteninamsterdam.de\/boote\/\" target=\"_blank\" rel=\"noopener\">Elektroboot mieten<\/a><\/p>\t\t\n\t\t\t <p>Moco museum<\/p>\t\t\n\t\t\t <p>Rembrandtplein<\/p>\t\t\n\t\t\t <p><a href=\"https:\/\/giethoornvillage.com\/de\/\" target=\"_blank\" rel=\"noopener\"><strong>Giethoorn<\/strong><\/a><\/p>\t\t\n\t\t\t <p><a href=\"https:\/\/giethorn.com\/de\/touren-in-den-niederlanden\/\" target=\"_blank\" rel=\"noopener\">Zaanse schans\u00a0<\/a><\/p>\t\t\n\n","protected":false},"excerpt":{"rendered":"<p>Was in den Niederlanden zu tun? \u00a0 Planen Sie eine Reise in die Niederlande? Hier finden Sie Informationen \u00fcber einige niederl\u00e4ndische St\u00e4dte. Update: die neuesten Corona-Ma\u00dfnahmen pro niederl\u00e4ndischer Stadt hier. Der niederl\u00e4ndische Kampf gegen Wasser Die Niederlande sind untrennbar mit ihren K\u00e4mpfen gegen das Wasser verbunden. Tats\u00e4chlich liegen 26 % der Niederlande unter dem Meeresspiegel. [&hellip;]<\/p>\n","protected":false},"author":2,"featured_media":0,"parent":0,"menu_order":100,"comment_status":"closed","ping_status":"closed","template":"","meta":{"site-sidebar-layout":"no-sidebar","site-content-layout":"page-builder","ast-site-content-layout":"full-width-container","site-content-style":"unboxed","site-sidebar-style":"unboxed","ast-global-header-display":"","ast-banner-title-visibility":"","ast-main-header-display":"","ast-hfb-above-header-display":"","ast-hfb-below-header-display":"","ast-hfb-mobile-header-display":"","site-post-title":"disabled","ast-breadcrumbs-content":"","ast-featured-img":"disabled","footer-sml-layout":"","ast-disable-related-posts":"","theme-transparent-header-meta":"default","adv-header-id-meta":"","stick-header-meta":"default","header-above-stick-meta":"","header-main-stick-meta":"","header-below-stick-meta":"","astra-migrate-meta-layouts":"set","ast-page-background-enabled":"default","ast-page-background-meta":{"desktop":{"background-color":"","background-image":"","background-repeat":"repeat","background-position":"center center","background-size":"auto","background-attachment":"scroll","background-type":"","background-media":"","overlay-type":"","overlay-color":"","overlay-opacity":"","overlay-gradient":""},"tablet":{"background-color":"","background-image":"","background-repeat":"repeat","background-position":"center center","background-size":"auto","background-attachment":"scroll","background-type":"","background-media":"","overlay-type":"","overlay-color":"","overlay-opacity":"","overlay-gradient":""},"mobile":{"background-color":"","background-image":"","background-repeat":"repeat","background-position":"center center","background-size":"auto","background-attachment":"scroll","background-type":"","background-media":"","overlay-type":"","overlay-color":"","overlay-opacity":"","overlay-gradient":""}},"ast-content-background-meta":{"desktop":{"background-color":"var(--ast-global-color-5)","background-image":"","background-repeat":"repeat","background-position":"center center","background-size":"auto","background-attachment":"scroll","background-type":"","background-media":"","overlay-type":"","overlay-color":"","overlay-opacity":"","overlay-gradient":""},"tablet":{"background-color":"var(--ast-global-color-5)","background-image":"","background-repeat":"repeat","background-position":"center center","background-size":"auto","background-attachment":"scroll","background-type":"","background-media":"","overlay-type":"","overlay-color":"","overlay-opacity":"","overlay-gradient":""},"mobile":{"background-color":"var(--ast-global-color-5)","background-image":"","background-repeat":"repeat","background-position":"center center","background-size":"auto","background-attachment":"scroll","background-type":"","background-media":"","overlay-type":"","overlay-color":"","overlay-opacity":"","overlay-gradient":""}},"footnotes":""},"class_list":["post-7343","page","type-page","status-publish","hentry"],"yoast_head":"<!-- This site is optimized with the Yoast SEO plugin v27.5 - https:\/\/yoast.com\/product\/yoast-seo-wordpress\/ -->\n<title>was in den Niederlanden zu tun - Besuchen Sie die Niederlande -<\/title>\n<meta name=\"description\" content=\"Sehensw\u00fcrdigkeiten in niederlande. So holen Sie Das Beste aus Ihrem Besuch in den Niederlanden heraus. Was tun in den Niederlande?\" \/>\n<meta name=\"robots\" content=\"index, follow, max-snippet:-1, max-image-preview:large, max-video-preview:-1\" \/>\n<link rel=\"canonical\" href=\"https:\/\/giethoornvillage.com\/de\/was-in-den-niederlanden-zu-tun\/\" \/>\n<meta property=\"og:locale\" content=\"de_DE\" \/>\n<meta property=\"og:type\" content=\"article\" \/>\n<meta property=\"og:title\" content=\"was in den Niederlanden zu tun - Besuchen Sie die Niederlande -\" \/>\n<meta property=\"og:description\" content=\"Sehensw\u00fcrdigkeiten in niederlande. So holen Sie Das Beste aus Ihrem Besuch in den Niederlanden heraus. Was tun in den Niederlande?\" \/>\n<meta property=\"og:url\" content=\"https:\/\/giethoornvillage.com\/de\/was-in-den-niederlanden-zu-tun\/\" \/>\n<meta property=\"og:site_name\" content=\"Giethoorn village\" \/>\n<meta property=\"article:publisher\" content=\"https:\/\/facebook.com\/giethoornvillage\" \/>\n<meta property=\"article:modified_time\" content=\"2025-12-01T11:22:40+00:00\" \/>\n<meta name=\"twitter:card\" content=\"summary_large_image\" \/>\n<meta name=\"twitter:label1\" content=\"Gesch\u00e4tzte Lesezeit\" \/>\n\t<meta name=\"twitter:data1\" content=\"3\u00a0Minuten\" \/>\n<script type=\"application\/ld+json\" class=\"yoast-schema-graph\">{\"@context\":\"https:\\\/\\\/schema.org\",\"@graph\":[{\"@type\":\"WebPage\",\"@id\":\"https:\\\/\\\/giethoornvillage.com\\\/de\\\/was-in-den-niederlanden-zu-tun\\\/\",\"url\":\"https:\\\/\\\/giethoornvillage.com\\\/de\\\/was-in-den-niederlanden-zu-tun\\\/\",\"name\":\"was in den Niederlanden zu tun - Besuchen Sie die Niederlande -\",\"isPartOf\":{\"@id\":\"https:\\\/\\\/giethoornvillage.com\\\/de\\\/#website\"},\"datePublished\":\"2020-04-01T11:39:20+00:00\",\"dateModified\":\"2025-12-01T11:22:40+00:00\",\"description\":\"Sehensw\u00fcrdigkeiten in niederlande. So holen Sie Das Beste aus Ihrem Besuch in den Niederlanden heraus. Was tun in den Niederlande?\",\"breadcrumb\":{\"@id\":\"https:\\\/\\\/giethoornvillage.com\\\/de\\\/was-in-den-niederlanden-zu-tun\\\/#breadcrumb\"},\"inLanguage\":\"de\",\"potentialAction\":[{\"@type\":\"ReadAction\",\"target\":[\"https:\\\/\\\/giethoornvillage.com\\\/de\\\/was-in-den-niederlanden-zu-tun\\\/\"]}]},{\"@type\":\"BreadcrumbList\",\"@id\":\"https:\\\/\\\/giethoornvillage.com\\\/de\\\/was-in-den-niederlanden-zu-tun\\\/#breadcrumb\",\"itemListElement\":[{\"@type\":\"ListItem\",\"position\":1,\"name\":\"Home\",\"item\":\"https:\\\/\\\/giethoornvillage.com\\\/de\\\/\"},{\"@type\":\"ListItem\",\"position\":2,\"name\":\"was in den Niederlanden zu tun\"}]},{\"@type\":\"WebSite\",\"@id\":\"https:\\\/\\\/giethoornvillage.com\\\/de\\\/#website\",\"url\":\"https:\\\/\\\/giethoornvillage.com\\\/de\\\/\",\"name\":\"Giethoorn village\",\"description\":\"About Giethoorn in the Netherlands\",\"publisher\":{\"@id\":\"https:\\\/\\\/giethoornvillage.com\\\/de\\\/#organization\"},\"potentialAction\":[{\"@type\":\"SearchAction\",\"target\":{\"@type\":\"EntryPoint\",\"urlTemplate\":\"https:\\\/\\\/giethoornvillage.com\\\/de\\\/?s={search_term_string}\"},\"query-input\":{\"@type\":\"PropertyValueSpecification\",\"valueRequired\":true,\"valueName\":\"search_term_string\"}}],\"inLanguage\":\"de\"},{\"@type\":\"Organization\",\"@id\":\"https:\\\/\\\/giethoornvillage.com\\\/de\\\/#organization\",\"name\":\"Giethoorn village\",\"url\":\"https:\\\/\\\/giethoornvillage.com\\\/de\\\/\",\"logo\":{\"@type\":\"ImageObject\",\"inLanguage\":\"de\",\"@id\":\"https:\\\/\\\/giethoornvillage.com\\\/de\\\/#\\\/schema\\\/logo\\\/image\\\/\",\"url\":\"https:\\\/\\\/giethoornvillage.com\\\/wp-content\\\/uploads\\\/2020\\\/10\\\/giethoorn-village-logo1.2web.png\",\"contentUrl\":\"https:\\\/\\\/giethoornvillage.com\\\/wp-content\\\/uploads\\\/2020\\\/10\\\/giethoorn-village-logo1.2web.png\",\"width\":200,\"height\":72,\"caption\":\"Giethoorn village\"},\"image\":{\"@id\":\"https:\\\/\\\/giethoornvillage.com\\\/de\\\/#\\\/schema\\\/logo\\\/image\\\/\"},\"sameAs\":[\"https:\\\/\\\/facebook.com\\\/giethoornvillage\",\"https:\\\/\\\/www.instagram.com\\\/giethoorn_village\\\/\"]}]}<\/script>\n<!-- \/ Yoast SEO plugin. -->","yoast_head_json":{"title":"was in den Niederlanden zu tun - Besuchen Sie die Niederlande -","description":"Sehensw\u00fcrdigkeiten in niederlande. So holen Sie Das Beste aus Ihrem Besuch in den Niederlanden heraus. Was tun in den Niederlande?","robots":{"index":"index","follow":"follow","max-snippet":"max-snippet:-1","max-image-preview":"max-image-preview:large","max-video-preview":"max-video-preview:-1"},"canonical":"https:\/\/giethoornvillage.com\/de\/was-in-den-niederlanden-zu-tun\/","og_locale":"de_DE","og_type":"article","og_title":"was in den Niederlanden zu tun - Besuchen Sie die Niederlande -","og_description":"Sehensw\u00fcrdigkeiten in niederlande. So holen Sie Das Beste aus Ihrem Besuch in den Niederlanden heraus. Was tun in den Niederlande?","og_url":"https:\/\/giethoornvillage.com\/de\/was-in-den-niederlanden-zu-tun\/","og_site_name":"Giethoorn village","article_publisher":"https:\/\/facebook.com\/giethoornvillage","article_modified_time":"2025-12-01T11:22:40+00:00","twitter_card":"summary_large_image","twitter_misc":{"Gesch\u00e4tzte Lesezeit":"3\u00a0Minuten"},"schema":{"@context":"https:\/\/schema.org","@graph":[{"@type":"WebPage","@id":"https:\/\/giethoornvillage.com\/de\/was-in-den-niederlanden-zu-tun\/","url":"https:\/\/giethoornvillage.com\/de\/was-in-den-niederlanden-zu-tun\/","name":"was in den Niederlanden zu tun - Besuchen Sie die Niederlande -","isPartOf":{"@id":"https:\/\/giethoornvillage.com\/de\/#website"},"datePublished":"2020-04-01T11:39:20+00:00","dateModified":"2025-12-01T11:22:40+00:00","description":"Sehensw\u00fcrdigkeiten in niederlande. So holen Sie Das Beste aus Ihrem Besuch in den Niederlanden heraus. Was tun in den Niederlande?","breadcrumb":{"@id":"https:\/\/giethoornvillage.com\/de\/was-in-den-niederlanden-zu-tun\/#breadcrumb"},"inLanguage":"de","potentialAction":[{"@type":"ReadAction","target":["https:\/\/giethoornvillage.com\/de\/was-in-den-niederlanden-zu-tun\/"]}]},{"@type":"BreadcrumbList","@id":"https:\/\/giethoornvillage.com\/de\/was-in-den-niederlanden-zu-tun\/#breadcrumb","itemListElement":[{"@type":"ListItem","position":1,"name":"Home","item":"https:\/\/giethoornvillage.com\/de\/"},{"@type":"ListItem","position":2,"name":"was in den Niederlanden zu tun"}]},{"@type":"WebSite","@id":"https:\/\/giethoornvillage.com\/de\/#website","url":"https:\/\/giethoornvillage.com\/de\/","name":"Giethoorn village","description":"About Giethoorn in the Netherlands","publisher":{"@id":"https:\/\/giethoornvillage.com\/de\/#organization"},"potentialAction":[{"@type":"SearchAction","target":{"@type":"EntryPoint","urlTemplate":"https:\/\/giethoornvillage.com\/de\/?s={search_term_string}"},"query-input":{"@type":"PropertyValueSpecification","valueRequired":true,"valueName":"search_term_string"}}],"inLanguage":"de"},{"@type":"Organization","@id":"https:\/\/giethoornvillage.com\/de\/#organization","name":"Giethoorn village","url":"https:\/\/giethoornvillage.com\/de\/","logo":{"@type":"ImageObject","inLanguage":"de","@id":"https:\/\/giethoornvillage.com\/de\/#\/schema\/logo\/image\/","url":"https:\/\/giethoornvillage.com\/wp-content\/uploads\/2020\/10\/giethoorn-village-logo1.2web.png","contentUrl":"https:\/\/giethoornvillage.com\/wp-content\/uploads\/2020\/10\/giethoorn-village-logo1.2web.png","width":200,"height":72,"caption":"Giethoorn village"},"image":{"@id":"https:\/\/giethoornvillage.com\/de\/#\/schema\/logo\/image\/"},"sameAs":["https:\/\/facebook.com\/giethoornvillage","https:\/\/www.instagram.com\/giethoorn_village\/"]}]}},"_links":{"self":[{"href":"https:\/\/giethoornvillage.com\/de\/wp-json\/wp\/v2\/pages\/7343","targetHints":{"allow":["GET"]}}],"collection":[{"href":"https:\/\/giethoornvillage.com\/de\/wp-json\/wp\/v2\/pages"}],"about":[{"href":"https:\/\/giethoornvillage.com\/de\/wp-json\/wp\/v2\/types\/page"}],"author":[{"embeddable":true,"href":"https:\/\/giethoornvillage.com\/de\/wp-json\/wp\/v2\/users\/2"}],"replies":[{"embeddable":true,"href":"https:\/\/giethoornvillage.com\/de\/wp-json\/wp\/v2\/comments?post=7343"}],"version-history":[{"count":0,"href":"https:\/\/giethoornvillage.com\/de\/wp-json\/wp\/v2\/pages\/7343\/revisions"}],"wp:attachment":[{"href":"https:\/\/giethoornvillage.com\/de\/wp-json\/wp\/v2\/media?parent=7343"}],"curies":[{"name":"wp","href":"https:\/\/api.w.org\/{rel}","templated":true}]}}