{"id":7502,"date":"2020-03-27T13:00:51","date_gmt":"2020-03-27T13:00:51","guid":{"rendered":"https:\/\/giethoornvillage.com\/giethoorn-tipps\/"},"modified":"2026-01-08T11:43:38","modified_gmt":"2026-01-08T11:43:38","slug":"giethoorn-tipps","status":"publish","type":"page","link":"https:\/\/giethoornvillage.com\/de\/giethoorn-tipps\/","title":{"rendered":"Giethoorn Tipps"},"content":{"rendered":"\n\n\t<h1>\n\t\t\t\t\tGiethoorn tipps\n\t\t\t\t<\/h1>\n\t<h5 id=\"tw-target-text\" dir=\"ltr\" data-placeholder=\"Vertaling\"># Tipp1 <\/h5>\n<ul>\n<li dir=\"ltr\" data-placeholder=\"Vertaling\">Normalerweise kommen die Touristen nach <a href=\"https:\/\/giethoornvillage.com\/de\/\" target=\"_blank\" rel=\"noopener\"><strong>Giethoorn<\/strong><\/a> um 11.00 Uhr und fahren um 18.00 Uhr ab.<\/li>\n<li dir=\"ltr\" data-placeholder=\"Vertaling\">Versuchen Sie einfach, <strong>fr\u00fcher als 11.00 Uhr<\/strong> oder <strong>sp\u00e4ter als 18.00 Uhr<\/strong> zu kommen, um Menschenmassen zu vermeiden.<\/li>\n<\/ul>\n\t\t\t<a href=\"https:\/\/giethoornvillage.com\/de\/giethoorn-bootsverleih\/\" target=\"_blank\" role=\"button\" rel=\"noopener\">\n\t\t\t\t\t\t\tGiethoorn Bootsverleih\n\t\t\t<\/a>\n\t<h5 dir=\"ltr\" data-placeholder=\"Vertaling\"># Tipp2<\/h5>\n<figure id=\"attachment_10498\" aria-describedby=\"caption-attachment-10498\" style=\"width: 244px\" class=\"wp-caption alignright\"><img decoding=\"async\" data-src=\"https:\/\/giethoornvillage.com\/wp-content\/uploads\/2021\/10\/IMG_1976-300x297.jpg\" alt=\"Giethoorn Himmelfahrtstag\" width=\"244\" height=\"242\" src=\"data:image\/svg+xml;base64,PHN2ZyB3aWR0aD0iMSIgaGVpZ2h0PSIxIiB4bWxucz0iaHR0cDovL3d3dy53My5vcmcvMjAwMC9zdmciPjwvc3ZnPg==\" class=\"lazyload\" style=\"--smush-placeholder-width: 244px; --smush-placeholder-aspect-ratio: 244\/242;\" \/><figcaption id=\"caption-attachment-10498\" class=\"wp-caption-text\"><strong>Giethoorn Himmelfahrtstag 2019<\/strong><\/figcaption><\/figure>\n<ul>\n<li dir=\"ltr\" data-placeholder=\"Vertaling\">Buchen Sie einen lokalen privaten Reiseleiter. <\/li>\n<li dir=\"ltr\" data-placeholder=\"Vertaling\">Mit einem <strong>privaten Kapit\u00e4n<\/strong> werden Sie nicht in der Hektik enden. <\/li>\n<li dir=\"ltr\" data-placeholder=\"Vertaling\">Damit Sie <a href=\"https:\/\/giethoornvillage.com\/de\/\" target=\"_blank\" rel=\"noopener\"><strong>Giethoorn<\/strong><\/a> in vollen Z\u00fcgen genie\u00dfen k\u00f6nnen. <\/li>\n<li dir=\"ltr\" data-placeholder=\"Vertaling\">Auch in der Hochsaison.<\/li>\n<\/ul>\n\t<h5 dir=\"ltr\" data-placeholder=\"Vertaling\"># Tipp3 <\/h5>\n<ul>\n<li dir=\"ltr\" data-placeholder=\"Vertaling\">Kanalfahrten kosten normalerweise 7,50 EU pro Person f\u00fcr eine Stunde.<\/li>\n<li dir=\"ltr\" data-placeholder=\"Vertaling\">Mieten Sie ein Boot f\u00fcr 15,00 Eu pro Boot f\u00fcr eine Stunde (max. 4) pro Boot.<\/li>\n<\/ul>\n\t<h5 dir=\"ltr\" data-placeholder=\"Vertaling\"># Tipp 4<\/h5>\n<ul>\n<li dir=\"ltr\" data-placeholder=\"Vertaling\">Wenn Sie in Giethoorn Dorf sind und es zu voll ist. <\/li>\n<li dir=\"ltr\" data-placeholder=\"Vertaling\">Google {<a href=\"https:\/\/giethoornvillage.com\/de\/dwarsgracht\/\" target=\"_blank\" rel=\"noopener\">Dwarsgracht<\/a>} sieht aus wie Giethoorn ohne Touristen. {10 Minuten Fahrt mit Auto} <\/li>\n<\/ul>\n\t<h5 dir=\"ltr\" data-placeholder=\"Vertaling\">#Tipp 5 <\/h5>\n<ul>\n<li dir=\"ltr\" data-placeholder=\"Vertaling\">Wollen Sie nicht mit Ihrem Boot im Zentrum von Giethoorn stecken bleiben? <\/li>\n<li dir=\"ltr\" data-placeholder=\"Vertaling\">Vermeiden Sie dieses Zentrum mit einer alternativen Route. <\/li>\n<li dir=\"ltr\" data-placeholder=\"Vertaling\">Fragen Sie Ihren Bootsvermieter nach der Route.<\/li>\n<\/ul>\n\t\t\t<a href=\"https:\/\/giethoornvillage.com\/de\/giethoorn-bootsverleih\/\" target=\"_blank\" role=\"button\" rel=\"noopener\">\n\t\t\t\t\t\t\tGiethoorn Bootsverleih\n\t\t\t<\/a>\n\t<ul>\n<li>\n<h5 dir=\"ltr\" data-placeholder=\"Vertaling\"># Tipp 6<\/h5>\n<figure id=\"attachment_10504\" aria-describedby=\"caption-attachment-10504\" style=\"width: 195px\" class=\"wp-caption alignright\"><img decoding=\"async\" data-src=\"https:\/\/giethoornvillage.com\/wp-content\/uploads\/2021\/10\/95C2D991-CC3A-448C-B755-160C74CE98E0-242x300.jpg\" alt=\"Giethoorn am Montag\" width=\"195\" height=\"242\" src=\"data:image\/svg+xml;base64,PHN2ZyB3aWR0aD0iMSIgaGVpZ2h0PSIxIiB4bWxucz0iaHR0cDovL3d3dy53My5vcmcvMjAwMC9zdmciPjwvc3ZnPg==\" class=\"lazyload\" style=\"--smush-placeholder-width: 195px; --smush-placeholder-aspect-ratio: 195\/242;\" \/><figcaption id=\"caption-attachment-10504\" class=\"wp-caption-text\"><strong>Giethoorn am Montag<\/strong><\/figcaption><\/figure>\n<ul>\n<li dir=\"ltr\" data-placeholder=\"Vertaling\">Die Wochentage in Giethoorn sind normalerweise weniger \u00fcberf\u00fcllt als die Wochenenden in Giethoorn. <\/li>\n<li dir=\"ltr\" data-placeholder=\"Vertaling\">Planen Sie Ihren Besuch in Giethoorn an Wochentagen, wenn Sie keine gro\u00dfen Menschenmengen m\u00f6gen.<\/li>\n<\/ul>\n<\/li>\n<\/ul>\n\t<h5 dir=\"ltr\" data-placeholder=\"Vertaling\">#Tipp 7 <\/h5>\n<ul>\n<li dir=\"ltr\" data-placeholder=\"Vertaling\">Die Hochsaison ist die Zeit in Giethoorn mit den h\u00f6chsten Besucherzahlen. <\/li>\n<li dir=\"ltr\" data-placeholder=\"Vertaling\">Die Hochsaison in Giethoorn dauert von April bis Oktober mit einem H\u00f6hepunkt w\u00e4hrend der niederl\u00e4ndischen Feiertage und Wochenenden. <strong>Sei gewarnt<\/strong>.<\/li>\n<\/ul>\n\t<h5 id=\"tw-target-text\" dir=\"ltr\" data-placeholder=\"Vertaling\"># Tipp 8<\/h5>\n<ul>\n<li>Unsere <a href=\"https:\/\/giethoornvillage.com\/de\/giethoorn-hotel\/\" target=\"_blank\" rel=\"noopener\"><strong>Giethoorn Hotel<\/strong><\/a> seite f\u00fcr ehrliche Bewertungen \u00fcber Hotels in Giethoorn.<\/li>\n<li>Unser Lieblingshotel bleibt das <a href=\"https:\/\/giethoornvillage.com\/de\/giethoorn-hotel-de-harmonie\/\" target=\"_blank\" rel=\"noopener\"><strong>Giethoorn hotel de Harmonie<\/strong><\/a><\/li>\n<\/ul>\n\n","protected":false},"excerpt":{"rendered":"<p>Giethoorn tipps # Tipp1 Normalerweise kommen die Touristen nach Giethoorn um 11.00 Uhr und fahren um 18.00 Uhr ab. Versuchen Sie einfach, fr\u00fcher als 11.00 Uhr oder sp\u00e4ter als 18.00 Uhr zu kommen, um Menschenmassen zu vermeiden. Giethoorn Bootsverleih # Tipp2 Buchen Sie einen lokalen privaten Reiseleiter. Mit einem privaten Kapit\u00e4n werden Sie nicht in [&hellip;]<\/p>\n","protected":false},"author":2,"featured_media":0,"parent":0,"menu_order":14,"comment_status":"closed","ping_status":"closed","template":"","meta":{"site-sidebar-layout":"no-sidebar","site-content-layout":"page-builder","ast-site-content-layout":"full-width-container","site-content-style":"unboxed","site-sidebar-style":"unboxed","ast-global-header-display":"","ast-banner-title-visibility":"","ast-main-header-display":"","ast-hfb-above-header-display":"","ast-hfb-below-header-display":"","ast-hfb-mobile-header-display":"","site-post-title":"disabled","ast-breadcrumbs-content":"","ast-featured-img":"disabled","footer-sml-layout":"","ast-disable-related-posts":"","theme-transparent-header-meta":"default","adv-header-id-meta":"","stick-header-meta":"default","header-above-stick-meta":"","header-main-stick-meta":"","header-below-stick-meta":"","astra-migrate-meta-layouts":"default","ast-page-background-enabled":"default","ast-page-background-meta":{"desktop":{"background-color":"","background-image":"","background-repeat":"repeat","background-position":"center center","background-size":"auto","background-attachment":"scroll","background-type":"","background-media":"","overlay-type":"","overlay-color":"","overlay-opacity":"","overlay-gradient":""},"tablet":{"background-color":"","background-image":"","background-repeat":"repeat","background-position":"center center","background-size":"auto","background-attachment":"scroll","background-type":"","background-media":"","overlay-type":"","overlay-color":"","overlay-opacity":"","overlay-gradient":""},"mobile":{"background-color":"","background-image":"","background-repeat":"repeat","background-position":"center center","background-size":"auto","background-attachment":"scroll","background-type":"","background-media":"","overlay-type":"","overlay-color":"","overlay-opacity":"","overlay-gradient":""}},"ast-content-background-meta":{"desktop":{"background-color":"var(--ast-global-color-5)","background-image":"","background-repeat":"repeat","background-position":"center center","background-size":"auto","background-attachment":"scroll","background-type":"","background-media":"","overlay-type":"","overlay-color":"","overlay-opacity":"","overlay-gradient":""},"tablet":{"background-color":"var(--ast-global-color-5)","background-image":"","background-repeat":"repeat","background-position":"center center","background-size":"auto","background-attachment":"scroll","background-type":"","background-media":"","overlay-type":"","overlay-color":"","overlay-opacity":"","overlay-gradient":""},"mobile":{"background-color":"var(--ast-global-color-5)","background-image":"","background-repeat":"repeat","background-position":"center center","background-size":"auto","background-attachment":"scroll","background-type":"","background-media":"","overlay-type":"","overlay-color":"","overlay-opacity":"","overlay-gradient":""}},"footnotes":""},"class_list":["post-7502","page","type-page","status-publish","hentry"],"yoast_head":"<!-- This site is optimized with the Yoast SEO plugin v27.5 - https:\/\/yoast.com\/product\/yoast-seo-wordpress\/ -->\n<title>Giethoorn Tipps - Giethoorn Niederlande Tipps und Tricks von Einheimischen<\/title>\n<meta name=\"description\" content=\"Giethoorn Tipps. Erfahren Sie hier alles \u00fcber die besten Tipps und Tricks f\u00fcr Giethoorn. Von den Bewohnern von Giethoorn Trinkgeld bekommen\" \/>\n<meta name=\"robots\" content=\"index, follow, max-snippet:-1, max-image-preview:large, max-video-preview:-1\" \/>\n<link rel=\"canonical\" href=\"https:\/\/giethoornvillage.com\/de\/giethoorn-tipps\/\" \/>\n<meta property=\"og:locale\" content=\"de_DE\" \/>\n<meta property=\"og:type\" content=\"article\" \/>\n<meta property=\"og:title\" content=\"Giethoorn Tipps - Giethoorn Niederlande Tipps und Tricks von Einheimischen\" \/>\n<meta property=\"og:description\" content=\"Giethoorn Tipps. Erfahren Sie hier alles \u00fcber die besten Tipps und Tricks f\u00fcr Giethoorn. Von den Bewohnern von Giethoorn Trinkgeld bekommen\" \/>\n<meta property=\"og:url\" content=\"https:\/\/giethoornvillage.com\/de\/giethoorn-tipps\/\" \/>\n<meta property=\"og:site_name\" content=\"Giethoorn village\" \/>\n<meta property=\"article:publisher\" content=\"https:\/\/facebook.com\/giethoornvillage\" \/>\n<meta property=\"article:modified_time\" content=\"2026-01-08T11:43:38+00:00\" \/>\n<meta property=\"og:image\" content=\"https:\/\/giethoornvillage.com\/wp-content\/uploads\/2021\/10\/IMG_1976-300x297.jpg\" \/>\n<meta name=\"twitter:card\" content=\"summary_large_image\" \/>\n<meta name=\"twitter:label1\" content=\"Gesch\u00e4tzte Lesezeit\" \/>\n\t<meta name=\"twitter:data1\" content=\"2\u00a0Minuten\" \/>\n<script type=\"application\/ld+json\" class=\"yoast-schema-graph\">{\"@context\":\"https:\\\/\\\/schema.org\",\"@graph\":[{\"@type\":\"WebPage\",\"@id\":\"https:\\\/\\\/giethoornvillage.com\\\/de\\\/giethoorn-tipps\\\/\",\"url\":\"https:\\\/\\\/giethoornvillage.com\\\/de\\\/giethoorn-tipps\\\/\",\"name\":\"Giethoorn Tipps - Giethoorn Niederlande Tipps und Tricks von Einheimischen\",\"isPartOf\":{\"@id\":\"https:\\\/\\\/giethoornvillage.com\\\/de\\\/#website\"},\"primaryImageOfPage\":{\"@id\":\"https:\\\/\\\/giethoornvillage.com\\\/de\\\/giethoorn-tipps\\\/#primaryimage\"},\"image\":{\"@id\":\"https:\\\/\\\/giethoornvillage.com\\\/de\\\/giethoorn-tipps\\\/#primaryimage\"},\"thumbnailUrl\":\"https:\\\/\\\/giethoornvillage.com\\\/wp-content\\\/uploads\\\/2021\\\/10\\\/IMG_1976-300x297.jpg\",\"datePublished\":\"2020-03-27T13:00:51+00:00\",\"dateModified\":\"2026-01-08T11:43:38+00:00\",\"description\":\"Giethoorn Tipps. Erfahren Sie hier alles \u00fcber die besten Tipps und Tricks f\u00fcr Giethoorn. Von den Bewohnern von Giethoorn Trinkgeld bekommen\",\"breadcrumb\":{\"@id\":\"https:\\\/\\\/giethoornvillage.com\\\/de\\\/giethoorn-tipps\\\/#breadcrumb\"},\"inLanguage\":\"de\",\"potentialAction\":[{\"@type\":\"ReadAction\",\"target\":[\"https:\\\/\\\/giethoornvillage.com\\\/de\\\/giethoorn-tipps\\\/\"]}]},{\"@type\":\"ImageObject\",\"inLanguage\":\"de\",\"@id\":\"https:\\\/\\\/giethoornvillage.com\\\/de\\\/giethoorn-tipps\\\/#primaryimage\",\"url\":\"https:\\\/\\\/giethoornvillage.com\\\/wp-content\\\/uploads\\\/2021\\\/10\\\/IMG_1976-300x297.jpg\",\"contentUrl\":\"https:\\\/\\\/giethoornvillage.com\\\/wp-content\\\/uploads\\\/2021\\\/10\\\/IMG_1976-300x297.jpg\"},{\"@type\":\"BreadcrumbList\",\"@id\":\"https:\\\/\\\/giethoornvillage.com\\\/de\\\/giethoorn-tipps\\\/#breadcrumb\",\"itemListElement\":[{\"@type\":\"ListItem\",\"position\":1,\"name\":\"Home\",\"item\":\"https:\\\/\\\/giethoornvillage.com\\\/de\\\/\"},{\"@type\":\"ListItem\",\"position\":2,\"name\":\"Giethoorn Tipps\"}]},{\"@type\":\"WebSite\",\"@id\":\"https:\\\/\\\/giethoornvillage.com\\\/de\\\/#website\",\"url\":\"https:\\\/\\\/giethoornvillage.com\\\/de\\\/\",\"name\":\"Giethoorn village\",\"description\":\"About Giethoorn in the Netherlands\",\"publisher\":{\"@id\":\"https:\\\/\\\/giethoornvillage.com\\\/de\\\/#organization\"},\"potentialAction\":[{\"@type\":\"SearchAction\",\"target\":{\"@type\":\"EntryPoint\",\"urlTemplate\":\"https:\\\/\\\/giethoornvillage.com\\\/de\\\/?s={search_term_string}\"},\"query-input\":{\"@type\":\"PropertyValueSpecification\",\"valueRequired\":true,\"valueName\":\"search_term_string\"}}],\"inLanguage\":\"de\"},{\"@type\":\"Organization\",\"@id\":\"https:\\\/\\\/giethoornvillage.com\\\/de\\\/#organization\",\"name\":\"Giethoorn village\",\"url\":\"https:\\\/\\\/giethoornvillage.com\\\/de\\\/\",\"logo\":{\"@type\":\"ImageObject\",\"inLanguage\":\"de\",\"@id\":\"https:\\\/\\\/giethoornvillage.com\\\/de\\\/#\\\/schema\\\/logo\\\/image\\\/\",\"url\":\"https:\\\/\\\/giethoornvillage.com\\\/wp-content\\\/uploads\\\/2020\\\/10\\\/giethoorn-village-logo1.2web.png\",\"contentUrl\":\"https:\\\/\\\/giethoornvillage.com\\\/wp-content\\\/uploads\\\/2020\\\/10\\\/giethoorn-village-logo1.2web.png\",\"width\":200,\"height\":72,\"caption\":\"Giethoorn village\"},\"image\":{\"@id\":\"https:\\\/\\\/giethoornvillage.com\\\/de\\\/#\\\/schema\\\/logo\\\/image\\\/\"},\"sameAs\":[\"https:\\\/\\\/facebook.com\\\/giethoornvillage\",\"https:\\\/\\\/www.instagram.com\\\/giethoorn_village\\\/\"]}]}<\/script>\n<!-- \/ Yoast SEO plugin. -->","yoast_head_json":{"title":"Giethoorn Tipps - Giethoorn Niederlande Tipps und Tricks von Einheimischen","description":"Giethoorn Tipps. Erfahren Sie hier alles \u00fcber die besten Tipps und Tricks f\u00fcr Giethoorn. Von den Bewohnern von Giethoorn Trinkgeld bekommen","robots":{"index":"index","follow":"follow","max-snippet":"max-snippet:-1","max-image-preview":"max-image-preview:large","max-video-preview":"max-video-preview:-1"},"canonical":"https:\/\/giethoornvillage.com\/de\/giethoorn-tipps\/","og_locale":"de_DE","og_type":"article","og_title":"Giethoorn Tipps - Giethoorn Niederlande Tipps und Tricks von Einheimischen","og_description":"Giethoorn Tipps. Erfahren Sie hier alles \u00fcber die besten Tipps und Tricks f\u00fcr Giethoorn. Von den Bewohnern von Giethoorn Trinkgeld bekommen","og_url":"https:\/\/giethoornvillage.com\/de\/giethoorn-tipps\/","og_site_name":"Giethoorn village","article_publisher":"https:\/\/facebook.com\/giethoornvillage","article_modified_time":"2026-01-08T11:43:38+00:00","og_image":[{"url":"https:\/\/giethoornvillage.com\/wp-content\/uploads\/2021\/10\/IMG_1976-300x297.jpg","type":"","width":"","height":""}],"twitter_card":"summary_large_image","twitter_misc":{"Gesch\u00e4tzte Lesezeit":"2\u00a0Minuten"},"schema":{"@context":"https:\/\/schema.org","@graph":[{"@type":"WebPage","@id":"https:\/\/giethoornvillage.com\/de\/giethoorn-tipps\/","url":"https:\/\/giethoornvillage.com\/de\/giethoorn-tipps\/","name":"Giethoorn Tipps - Giethoorn Niederlande Tipps und Tricks von Einheimischen","isPartOf":{"@id":"https:\/\/giethoornvillage.com\/de\/#website"},"primaryImageOfPage":{"@id":"https:\/\/giethoornvillage.com\/de\/giethoorn-tipps\/#primaryimage"},"image":{"@id":"https:\/\/giethoornvillage.com\/de\/giethoorn-tipps\/#primaryimage"},"thumbnailUrl":"https:\/\/giethoornvillage.com\/wp-content\/uploads\/2021\/10\/IMG_1976-300x297.jpg","datePublished":"2020-03-27T13:00:51+00:00","dateModified":"2026-01-08T11:43:38+00:00","description":"Giethoorn Tipps. Erfahren Sie hier alles \u00fcber die besten Tipps und Tricks f\u00fcr Giethoorn. Von den Bewohnern von Giethoorn Trinkgeld bekommen","breadcrumb":{"@id":"https:\/\/giethoornvillage.com\/de\/giethoorn-tipps\/#breadcrumb"},"inLanguage":"de","potentialAction":[{"@type":"ReadAction","target":["https:\/\/giethoornvillage.com\/de\/giethoorn-tipps\/"]}]},{"@type":"ImageObject","inLanguage":"de","@id":"https:\/\/giethoornvillage.com\/de\/giethoorn-tipps\/#primaryimage","url":"https:\/\/giethoornvillage.com\/wp-content\/uploads\/2021\/10\/IMG_1976-300x297.jpg","contentUrl":"https:\/\/giethoornvillage.com\/wp-content\/uploads\/2021\/10\/IMG_1976-300x297.jpg"},{"@type":"BreadcrumbList","@id":"https:\/\/giethoornvillage.com\/de\/giethoorn-tipps\/#breadcrumb","itemListElement":[{"@type":"ListItem","position":1,"name":"Home","item":"https:\/\/giethoornvillage.com\/de\/"},{"@type":"ListItem","position":2,"name":"Giethoorn Tipps"}]},{"@type":"WebSite","@id":"https:\/\/giethoornvillage.com\/de\/#website","url":"https:\/\/giethoornvillage.com\/de\/","name":"Giethoorn village","description":"About Giethoorn in the Netherlands","publisher":{"@id":"https:\/\/giethoornvillage.com\/de\/#organization"},"potentialAction":[{"@type":"SearchAction","target":{"@type":"EntryPoint","urlTemplate":"https:\/\/giethoornvillage.com\/de\/?s={search_term_string}"},"query-input":{"@type":"PropertyValueSpecification","valueRequired":true,"valueName":"search_term_string"}}],"inLanguage":"de"},{"@type":"Organization","@id":"https:\/\/giethoornvillage.com\/de\/#organization","name":"Giethoorn village","url":"https:\/\/giethoornvillage.com\/de\/","logo":{"@type":"ImageObject","inLanguage":"de","@id":"https:\/\/giethoornvillage.com\/de\/#\/schema\/logo\/image\/","url":"https:\/\/giethoornvillage.com\/wp-content\/uploads\/2020\/10\/giethoorn-village-logo1.2web.png","contentUrl":"https:\/\/giethoornvillage.com\/wp-content\/uploads\/2020\/10\/giethoorn-village-logo1.2web.png","width":200,"height":72,"caption":"Giethoorn village"},"image":{"@id":"https:\/\/giethoornvillage.com\/de\/#\/schema\/logo\/image\/"},"sameAs":["https:\/\/facebook.com\/giethoornvillage","https:\/\/www.instagram.com\/giethoorn_village\/"]}]}},"_links":{"self":[{"href":"https:\/\/giethoornvillage.com\/de\/wp-json\/wp\/v2\/pages\/7502","targetHints":{"allow":["GET"]}}],"collection":[{"href":"https:\/\/giethoornvillage.com\/de\/wp-json\/wp\/v2\/pages"}],"about":[{"href":"https:\/\/giethoornvillage.com\/de\/wp-json\/wp\/v2\/types\/page"}],"author":[{"embeddable":true,"href":"https:\/\/giethoornvillage.com\/de\/wp-json\/wp\/v2\/users\/2"}],"replies":[{"embeddable":true,"href":"https:\/\/giethoornvillage.com\/de\/wp-json\/wp\/v2\/comments?post=7502"}],"version-history":[{"count":0,"href":"https:\/\/giethoornvillage.com\/de\/wp-json\/wp\/v2\/pages\/7502\/revisions"}],"wp:attachment":[{"href":"https:\/\/giethoornvillage.com\/de\/wp-json\/wp\/v2\/media?parent=7502"}],"curies":[{"name":"wp","href":"https:\/\/api.w.org\/{rel}","templated":true}]}}