{"id":7888,"date":"2021-01-19T10:49:45","date_gmt":"2021-01-19T10:49:45","guid":{"rendered":"https:\/\/giethoornvillage.com\/?page_id=7888"},"modified":"2024-02-25T18:59:55","modified_gmt":"2024-02-25T18:59:55","slug":"sommersonnenwende","status":"publish","type":"page","link":"https:\/\/giethoornvillage.com\/de\/sommersonnenwende\/","title":{"rendered":"Sommersonnenwende"},"content":{"rendered":"\n<h1>\n\t\tSommersonnenwende\n\t<\/h1>\n\n\t<p>Die Sommersonnenwende, auch Mittsommernacht genannt, ist mit 16 Stunden, 16 Minuten und 47 Sekunden Sonnenlicht <strong>der<\/strong> <strong>l\u00e4ngste Tag<\/strong> auf der nordhemisph\u00e4re. W\u00e4hrend eines Schaltjahres f\u00e4llt dieser Tag auf den 20. Juni, ansonsten nur auf den 21. Juni. Der Sommeranfang beginnt an diesem Tag und wird in einer Reihe von L\u00e4ndern noch immer gefeiert. Die <strong>Sommersonnenwende<\/strong> wird von vielen Menschen weltweit als ein Moment der Besinnung gesehen. Dar\u00fcber hinaus ist der Genuss mit Familie und Freunden am l\u00e4ngsten Tag des Jahres von zentraler Bedeutung.<\/p>\n\t<h2><strong>l\u00e4ngste Tag des Jahres<\/strong><\/h2>\n<p>Die Sommersonnenwende auf der gesamten n\u00f6rdlichen Hemisph\u00e4re findet zu der Zeit statt, in der sich die Nordachse der Erde am meisten zur Sonne neigt. Infolgedessen erh\u00e4lt die n\u00f6rdliche Hemisph\u00e4re an diesem Tag das meiste Tageslicht des ganzen Jahres. Die <strong>Sommersonnenwende<\/strong> ist nicht nur der <strong>l\u00e4ngste Tag des Jahres<\/strong>, sondern l\u00e4utet auch den astronomischen Sommer ein. Dieser l\u00e4ngste Tag, dem die k\u00fcrzeste Nacht des Jahres folgt, wird manchmal erw\u00e4hnt:<\/p>\n<ul>\n<li>Mittsommernacht<\/li>\n<li>Midsommar<\/li>\n<li>Sommeranfang<\/li>\n<li>L\u00e4ngster Tag des Jahres<\/li>\n<\/ul>\n<h3>Der l\u00e4ngste Tag des Jahres<\/h3>\n<h5>Niederlande<\/h5>\n<p>Am l\u00e4ngsten Tag des Jahres in den Niederlanden gibt es <strong>genau 16 Stunden, 16 Minuten und 47 Sekunden Tageslicht.<\/strong> Nach diesem Tag werden die Tage k\u00fcrzer. Das klingt irgendwie komisch, denn der ganze Sommer steht noch aus. Die Sommersonder l\u00e4ngste Tag des Jahresnenwende f\u00e4llt in der Regel am 21. Juni in den Niederlanden. Nur w\u00e4hrend eines Schaltjahres nicht, dann f\u00e4llt der l\u00e4ngste Tag des Jahres ein wenig vor Mitternacht am 20. Juni.<\/p>\n<h4>Stonehenge<\/h4>\n<p>Stonehenge, wirklich so ein Ort auf der Erde mit einer gro\u00dfen Anziehungskraft auf Menschen aus der ganzen Welt. Aus dieser mysteri\u00f6sen Felsformation in S\u00fcdengland ist nie mit Sicherheit bestimmt worden, welche Funktion diese Steine hatten. Au\u00dferdem wissen wir nicht, wie alt es ist. Es wird angenommen, dass der Zustand der Sonne eine Rolle bei seiner Konstruktion gespielt hat.<\/p>\n<h5>Summer Solstice<\/h5>\n<p>Wie bei uns findet dort am 21. Juni die Sommeranfang statt. W\u00e4hrend eines Schaltjahres am 20. Juni. Im Englischen wird dies als &#8222;Summer Solstice&#8220; bezeichnet. In dieser Mittsommernacht kommen Tausende von Menschen aus der ganzen Welt, um dieses Naturph\u00e4nomen zu beobachten. Im Jahr 2020 erlaubte Corona eine begrenzte Anzahl von Menschen w\u00e4hrend der Sommeranfang. Dies k\u00f6nnte im Internet \u00fcber einen Livestream verfolgt werden.<\/p>\n<h5>Heel Stone<\/h5>\n<p>&#8222;Heel Stone&#8220; ist der lose Stein, der etwas au\u00dferhalb des Kreises von Stonehenge liegt. Es scheint wie ein zuf\u00e4lliger Ort f\u00fcr einen Stein, aber nichts k\u00f6nnte weiter von der Wahrheit entfernt sein. W\u00e4hrend der Sommeranfang ist dieser Stein fast genau im Einklang mit dem Kreis von Stonehenge. Dies geschieht w\u00e4hrend des Sonnenaufgangs.<\/p>\n\t<p>Wenn die Sonne, von der Erde aus gesehen, ihre n\u00f6rdlichste oder s\u00fcdlichste Position erreicht, nennen wir sie die Sonnenwende. W\u00e4hrend dieser Sonnenstillzeit oder Solstitium (Latein) steht die Sonne direkt \u00fcber einer der beiden Tropen: dem Tropic of Capricorn im S\u00fcden oder dem Tropic of Cancer im Norden. Wenn sich die Sonne scheinbar in Richtung des Tropic of Capricorn bewegt, werden die Tage auf der n\u00f6rdlichen Hemisph\u00e4re wieder k\u00fcrzer und in der s\u00fcdlichen Hemisph\u00e4re wird es nur noch l\u00e4nger. Wenn sich die Sonne scheinbar in Richtung des Tropic of Cancer bewegt, ist es umgekehrt. Diese scheinbare Bewegung kehrt sich buchst\u00e4blich zur Zeit der Sonnenwende um.<\/p>\n\t<h5>Sonnenuhr<\/h5>\n<figure id=\"attachment_7933\" aria-describedby=\"caption-attachment-7933\" style=\"width: 260px\" class=\"wp-caption alignright\"><img decoding=\"async\" data-src=\"https:\/\/giethoornvillage.com\/wp-content\/uploads\/2021\/01\/IMG_4095-1-242x300.jpg\" alt=\"Zonnewijzer\" width=\"260\" height=\"323\" src=\"data:image\/svg+xml;base64,PHN2ZyB3aWR0aD0iMSIgaGVpZ2h0PSIxIiB4bWxucz0iaHR0cDovL3d3dy53My5vcmcvMjAwMC9zdmciPjwvc3ZnPg==\" class=\"lazyload\" style=\"--smush-placeholder-width: 260px; --smush-placeholder-aspect-ratio: 260\/323;\" \/><figcaption id=\"caption-attachment-7933\" class=\"wp-caption-text\"><strong>Sonnenuhr<\/strong><\/figcaption><\/figure>\n<p>Unsere Vorfahren konnten sehen, wie sp\u00e4t es die Sonne benutzte. Sie haben etwas daf\u00fcr gemacht. Mit Hilfe der Sonne ermittelten sie mit einer Sonnenuhr, der Zeit und dem Tag. So wussten sie an dem Tag, an welchem Tag die Sonne am l\u00e4ngsten schien.<\/p>\n<h5>Abergl\u00e4ubisch<\/h5>\n<p>Lange bevor die Kalender und Uhren erfunden wurden, war die Sommersonnenwende schon ein besonderes Ph\u00e4nomen f\u00fcr unsere Vorfahren. Mit einer Sonnenuhr wurde der l\u00e4ngste Tag weltweit als Sommersonnenwende bezeichnet. An diesem Tag wurde der Sommer eingel\u00e4utet und es fanden oft Partys statt. Abergl\u00e4ubisch, wie das Volk damals war, wurden w\u00e4hrend dieser Feste oft Opfer f\u00fcr eine fruchtbare Ernte gebracht. Der k\u00fcrzeste Tag nannten sie Wintersonnenwende oder Midwinter.<\/p>\n<h5>Niederlande<\/h5>\n<p>Die Sommersonnenwende war fr\u00fcher ein besonderer Urlaub in unserem Land. So hatte jede Region ihre eigenen Gewohnheiten. Es wurden St\u00fccke aus dem Jahr 1612 gefunden, die die Sommersonnenwende beschreiben. Darin verbietet die Kirche katholischen Kirchenbesuchern die Teilnahme an den &#8222;paganen Ritualen&#8220; rund um die Sommersonnenwende. Die Feierlichkeiten waren damals sehr beliebt und die Kirche war nicht sehr gl\u00fccklich dar\u00fcber. Diese Sommerfeste sind in den Niederlanden seit 100 Jahren verschwunden. Das lag vor allem daran, dass die Menschen weniger abergl\u00e4ubisch wurden.<\/p>\n\n\t<h2>Schwedens Midsommar<\/h2>\n<figure id=\"attachment_7926\" aria-describedby=\"caption-attachment-7926\" style=\"width: 268px\" class=\"wp-caption alignright\"><img decoding=\"async\" data-src=\"https:\/\/giethoornvillage.com\/wp-content\/uploads\/2021\/01\/IMG_4094-242x300.jpg\" alt=\"Midsommar 2019\" width=\"268\" height=\"333\" src=\"data:image\/svg+xml;base64,PHN2ZyB3aWR0aD0iMSIgaGVpZ2h0PSIxIiB4bWxucz0iaHR0cDovL3d3dy53My5vcmcvMjAwMC9zdmciPjwvc3ZnPg==\" class=\"lazyload\" style=\"--smush-placeholder-width: 268px; --smush-placeholder-aspect-ratio: 268\/333;\" \/><figcaption id=\"caption-attachment-7926\" class=\"wp-caption-text\"><strong>Midsommar 2019<\/strong><\/figcaption><\/figure>\n<p>Midsommar ist ein sehr bekanntes Festival in Schweden, aber auch in anderen skandinavischen L\u00e4ndern wird der Mittsommer gefeiert. In Schweden tragen alle geschm\u00fcckten Maib\u00e4ume und M\u00e4dchen an diesem Tag Blumenkr\u00e4nze. F\u00fcr die Menschen in Schweden ist es vor allem ein Moment, Um Freunde und Familie zu treffen. Sie werden dann eine sch\u00f6ne Mahlzeit und trinken miteinander. In diesem Jahr wird es vor allem zu Hause gewesen sein, da es wegen der Corona-Krise keine aufwendigen Partys gab, die gefeiert werden konnten.<\/p>\n<h5>Abergl\u00e4ubisch<\/h5>\n<p>Tiere und Nahrung werden nicht mehr geopfert. Wissenschaft und damit verbundene Wissensentwicklung haben es immer weniger abergl\u00e4ubisch gemacht. Dar\u00fcber hinaus ist die Zahl der Gl\u00e4ubigen weltweit weiter zur\u00fcckgegangen. Aber die jungen Leute kamen an ihre Stelle, mit Interessen, die die uralten Br\u00e4uche ihrer Vorfahren waren. Dass die l\u00e4ngster tag ein wichtiger Moment in verschiedenen Kulturen sein wird, ist nicht verwunderlich. Den k\u00fcrzesten Tag des Jahres, den sie manchmal erw\u00e4hnten:<\/p>\n<ul>\n<li>Wintersonnenwende<\/li>\n<li>Winteranfang<\/li>\n<li>Midwinter<\/li>\n<\/ul>\n<h5>Traditionen<\/h5>\n<p>Dennoch wird die Sommersonnenwende in Skandinavien und Osteuropa noch immer ausgiebig mit einem gro\u00dfen Fest gefeiert. Diese Traditionen werden \u00fcber das Internet geteilt und von Menschen auf der ganzen Welt aufgegriffen. Es wird daher erwartet, dass dies die Traditionen wiederbeleben wird.<\/p>\n\t<h3>Sommersonnenwende 2020<\/h3>\n<h5>Giethoorn<\/h5>\n<figure id=\"attachment_7919\" aria-describedby=\"caption-attachment-7919\" style=\"width: 279px\" class=\"wp-caption alignright\"><img decoding=\"async\" data-src=\"https:\/\/giethoornvillage.com\/wp-content\/uploads\/2021\/01\/IMG_0553-225x300.jpg\" alt=\"Sommersonnenwende Giethoorn\" width=\"279\" height=\"372\" src=\"data:image\/svg+xml;base64,PHN2ZyB3aWR0aD0iMSIgaGVpZ2h0PSIxIiB4bWxucz0iaHR0cDovL3d3dy53My5vcmcvMjAwMC9zdmciPjwvc3ZnPg==\" class=\"lazyload\" style=\"--smush-placeholder-width: 279px; --smush-placeholder-aspect-ratio: 279\/372;\" \/><figcaption id=\"caption-attachment-7919\" class=\"wp-caption-text\"><strong>Giethoorn w\u00e4hrend der Sommersonnenwende<\/strong><\/figcaption><\/figure>\n<p>Die Sommersonnenwende und Giethoorn. Was haben sie miteinander zu tun? Giethoorn ist bekannt f\u00fcr seine Kan\u00e4le und Br\u00fccken. Nat\u00fcrlich d\u00fcrfen wir nicht alle Touristen vergessen, die <strong>ein Boot in Giethoorn mieten<\/strong>. Was viele nicht wissen, ist, dass die meisten Touristen Giethoorn gegen 18.00 Uhr wieder verlassen. So k\u00f6nnen wir die Sommeranfang ungest\u00f6rt genie\u00dfen. Suchen Sie hier nach <a href=\"https:\/\/giethoornvillage.com\/de\/beste-zeit-um-giethoorn-zu-besuchen\/\"><strong>der besten Zeit, um Giethoorn zu besuchen<\/strong><\/a>.<\/p>\n<h5>Eine Tradition seit 15 Jahren<\/h5>\n<p>Die Sommersonnenwende ist auch in den Niederlanden zu sehen. Eine offene Ebene oder ein H\u00f6hepunkt ist ideal daf\u00fcr als Aussichtspunkt. Seit 15 Jahren feiern wir das Leben w\u00e4hrend der l\u00e4ngste tag in Giethoorn. Gemeinsam mit Freunden treffen wir uns auf der gro\u00dfen Insel, die mitten im See am Bovenwijde liegt. Von der Insel haben Sie einen perfekten Blick auf die untergehende Sonne. Mit einem Grill, einem Bier, einem Glas Wein und einer sch\u00f6nen Hintergrundmusik toasten wir dort seit 15 Jahren das Leben. Unsere Freunde schlafen dann im <strong><a href=\"https:\/\/giethoornvillage.com\/de\/giethoorn-hotel-de-harmonie\/\" target=\"_blank\" rel=\"noopener\">Hotel de harmonie<\/a> <\/strong>oder im <a href=\"https:\/\/giethoornvillage.com\/de\/giethoorn-hotel\/\" target=\"_blank\" rel=\"noopener\"><strong>Hotel Giethoorn<\/strong><\/a>, damit wir es sp\u00e4t schaffen k\u00f6nnen<\/p>\n<h5>20. Juni 2020<\/h5>\n<p>Nur das Datum war dieses Mal magisch. Es sah eine Weile so aus, als k\u00f6nne die Sonnenwende in <strong><a href=\"https:\/\/giethoornvillage.com\/de\/\">Giethoorn<\/a><\/strong> aufgrund der Corona-Regeln in den Niederlanden 2020 nicht fortgesetzt werden. Kurz vor dem 20. Juni 2020 wurden jedoch die nationalen Corona-Regeln gelockert. Es k\u00f6nnte weitergehen. Die Atmosph\u00e4re wirkte ausgelassener als sonst. Was hatten wir nach der intelligenten Sperrung vor?<\/p>\n\t\t\t<a href=\"https:\/\/giethoornvillage.com\/de\/giethoorn-bootsverleih\/\" target=\"_blank\" role=\"button\" rel=\"noopener\">\n\t\t\t\t\t\t\tGiethoorn Bootsverleih \n\t\t\t<\/a>\n\t<p>Der l\u00e4ngste Tag des Jahres findet an diesen Tagen in den kommenden Jahren statt:<\/p>\n<ul>\n<li>Montag\u00a0 \u00a0 \u00a0 \u00a0 \u00a021. Juni 2021<\/li>\n<li>Dienstag\u00a0 \u00a0 \u00a0 \u00a021. Juni 2022<\/li>\n<li>Mittwoch\u00a0 \u00a0 \u00a0 21. Juni 2023<\/li>\n<li>Donnerstag 20. Juni 2024<\/li>\n<\/ul>\n\t\t\t<a href=\"https:\/\/giethoornvillage.com\/de\/uber-giethoorn-in-den-niederlanden\/\" target=\"_self\" role=\"button\" rel=\"noopener\">\n\t\t\t\t\t\tlesen Sie \u00fcber Giethoorn\n\t\t<\/a>\n\n","protected":false},"excerpt":{"rendered":"<p>Sommersonnenwende Die Sommersonnenwende, auch Mittsommernacht genannt, ist mit 16 Stunden, 16 Minuten und 47 Sekunden Sonnenlicht der l\u00e4ngste Tag auf der nordhemisph\u00e4re. W\u00e4hrend eines Schaltjahres f\u00e4llt dieser Tag auf den 20. Juni, ansonsten nur auf den 21. Juni. Der Sommeranfang beginnt an diesem Tag und wird in einer Reihe von L\u00e4ndern noch immer gefeiert. Die [&hellip;]<\/p>\n","protected":false},"author":2,"featured_media":0,"parent":0,"menu_order":100,"comment_status":"closed","ping_status":"closed","template":"","meta":{"site-sidebar-layout":"no-sidebar","site-content-layout":"page-builder","ast-site-content-layout":"full-width-container","site-content-style":"unboxed","site-sidebar-style":"unboxed","ast-global-header-display":"","ast-banner-title-visibility":"","ast-main-header-display":"","ast-hfb-above-header-display":"","ast-hfb-below-header-display":"","ast-hfb-mobile-header-display":"","site-post-title":"disabled","ast-breadcrumbs-content":"","ast-featured-img":"disabled","footer-sml-layout":"","ast-disable-related-posts":"","theme-transparent-header-meta":"disabled","adv-header-id-meta":"","stick-header-meta":"default","header-above-stick-meta":"","header-main-stick-meta":"","header-below-stick-meta":"","astra-migrate-meta-layouts":"set","ast-page-background-enabled":"default","ast-page-background-meta":{"desktop":{"background-color":"","background-image":"","background-repeat":"repeat","background-position":"center center","background-size":"auto","background-attachment":"scroll","background-type":"","background-media":"","overlay-type":"","overlay-color":"","overlay-opacity":"","overlay-gradient":""},"tablet":{"background-color":"","background-image":"","background-repeat":"repeat","background-position":"center center","background-size":"auto","background-attachment":"scroll","background-type":"","background-media":"","overlay-type":"","overlay-color":"","overlay-opacity":"","overlay-gradient":""},"mobile":{"background-color":"","background-image":"","background-repeat":"repeat","background-position":"center center","background-size":"auto","background-attachment":"scroll","background-type":"","background-media":"","overlay-type":"","overlay-color":"","overlay-opacity":"","overlay-gradient":""}},"ast-content-background-meta":{"desktop":{"background-color":"var(--ast-global-color-5)","background-image":"","background-repeat":"repeat","background-position":"center center","background-size":"auto","background-attachment":"scroll","background-type":"","background-media":"","overlay-type":"","overlay-color":"","overlay-opacity":"","overlay-gradient":""},"tablet":{"background-color":"var(--ast-global-color-5)","background-image":"","background-repeat":"repeat","background-position":"center center","background-size":"auto","background-attachment":"scroll","background-type":"","background-media":"","overlay-type":"","overlay-color":"","overlay-opacity":"","overlay-gradient":""},"mobile":{"background-color":"var(--ast-global-color-5)","background-image":"","background-repeat":"repeat","background-position":"center center","background-size":"auto","background-attachment":"scroll","background-type":"","background-media":"","overlay-type":"","overlay-color":"","overlay-opacity":"","overlay-gradient":""}},"footnotes":""},"class_list":["post-7888","page","type-page","status-publish","hentry"],"yoast_head":"<!-- This site is optimized with the Yoast SEO plugin v27.5 - https:\/\/yoast.com\/product\/yoast-seo-wordpress\/ -->\n<title>Sommersonnenwende 2022- Wenn der l\u00e4ngste Tag des Jahres<\/title>\n<meta name=\"description\" content=\"Sommersonnenwende 2020. wenn ist es der l\u00e4ngste Tag des Jahres. Solstice. Midsommar. l\u00e4ngsten Tag. Sommeranfang.\" \/>\n<meta name=\"robots\" content=\"index, follow, max-snippet:-1, max-image-preview:large, max-video-preview:-1\" \/>\n<link rel=\"canonical\" href=\"https:\/\/giethoornvillage.com\/de\/sommersonnenwende\/\" \/>\n<meta property=\"og:locale\" content=\"de_DE\" \/>\n<meta property=\"og:type\" content=\"article\" \/>\n<meta property=\"og:title\" content=\"Sommersonnenwende 2022- Wenn der l\u00e4ngste Tag des Jahres\" \/>\n<meta property=\"og:description\" content=\"Sommersonnenwende 2020. wenn ist es der l\u00e4ngste Tag des Jahres. Solstice. Midsommar. l\u00e4ngsten Tag. Sommeranfang.\" \/>\n<meta property=\"og:url\" content=\"https:\/\/giethoornvillage.com\/de\/sommersonnenwende\/\" \/>\n<meta property=\"og:site_name\" content=\"Giethoorn village\" \/>\n<meta property=\"article:publisher\" content=\"https:\/\/facebook.com\/giethoornvillage\" \/>\n<meta property=\"article:modified_time\" content=\"2024-02-25T18:59:55+00:00\" \/>\n<meta property=\"og:image\" content=\"https:\/\/giethoornvillage.com\/wp-content\/uploads\/2021\/01\/IMG_4095-1-242x300.jpg\" \/>\n<meta name=\"twitter:card\" content=\"summary_large_image\" \/>\n<meta name=\"twitter:label1\" content=\"Gesch\u00e4tzte Lesezeit\" \/>\n\t<meta name=\"twitter:data1\" content=\"7\u00a0Minuten\" \/>\n<script type=\"application\/ld+json\" class=\"yoast-schema-graph\">{\"@context\":\"https:\\\/\\\/schema.org\",\"@graph\":[{\"@type\":\"WebPage\",\"@id\":\"https:\\\/\\\/giethoornvillage.com\\\/de\\\/sommersonnenwende\\\/\",\"url\":\"https:\\\/\\\/giethoornvillage.com\\\/de\\\/sommersonnenwende\\\/\",\"name\":\"Sommersonnenwende 2022- Wenn der l\u00e4ngste Tag des Jahres\",\"isPartOf\":{\"@id\":\"https:\\\/\\\/giethoornvillage.com\\\/de\\\/#website\"},\"primaryImageOfPage\":{\"@id\":\"https:\\\/\\\/giethoornvillage.com\\\/de\\\/sommersonnenwende\\\/#primaryimage\"},\"image\":{\"@id\":\"https:\\\/\\\/giethoornvillage.com\\\/de\\\/sommersonnenwende\\\/#primaryimage\"},\"thumbnailUrl\":\"https:\\\/\\\/giethoornvillage.com\\\/wp-content\\\/uploads\\\/2021\\\/01\\\/IMG_4095-1-242x300.jpg\",\"datePublished\":\"2021-01-19T10:49:45+00:00\",\"dateModified\":\"2024-02-25T18:59:55+00:00\",\"description\":\"Sommersonnenwende 2020. wenn ist es der l\u00e4ngste Tag des Jahres. Solstice. Midsommar. l\u00e4ngsten Tag. Sommeranfang.\",\"breadcrumb\":{\"@id\":\"https:\\\/\\\/giethoornvillage.com\\\/de\\\/sommersonnenwende\\\/#breadcrumb\"},\"inLanguage\":\"de\",\"potentialAction\":[{\"@type\":\"ReadAction\",\"target\":[\"https:\\\/\\\/giethoornvillage.com\\\/de\\\/sommersonnenwende\\\/\"]}]},{\"@type\":\"ImageObject\",\"inLanguage\":\"de\",\"@id\":\"https:\\\/\\\/giethoornvillage.com\\\/de\\\/sommersonnenwende\\\/#primaryimage\",\"url\":\"https:\\\/\\\/giethoornvillage.com\\\/wp-content\\\/uploads\\\/2021\\\/01\\\/IMG_4095-1-242x300.jpg\",\"contentUrl\":\"https:\\\/\\\/giethoornvillage.com\\\/wp-content\\\/uploads\\\/2021\\\/01\\\/IMG_4095-1-242x300.jpg\"},{\"@type\":\"BreadcrumbList\",\"@id\":\"https:\\\/\\\/giethoornvillage.com\\\/de\\\/sommersonnenwende\\\/#breadcrumb\",\"itemListElement\":[{\"@type\":\"ListItem\",\"position\":1,\"name\":\"Home\",\"item\":\"https:\\\/\\\/giethoornvillage.com\\\/de\\\/\"},{\"@type\":\"ListItem\",\"position\":2,\"name\":\"Sommersonnenwende\"}]},{\"@type\":\"WebSite\",\"@id\":\"https:\\\/\\\/giethoornvillage.com\\\/de\\\/#website\",\"url\":\"https:\\\/\\\/giethoornvillage.com\\\/de\\\/\",\"name\":\"Giethoorn village\",\"description\":\"About Giethoorn in the Netherlands\",\"publisher\":{\"@id\":\"https:\\\/\\\/giethoornvillage.com\\\/de\\\/#organization\"},\"potentialAction\":[{\"@type\":\"SearchAction\",\"target\":{\"@type\":\"EntryPoint\",\"urlTemplate\":\"https:\\\/\\\/giethoornvillage.com\\\/de\\\/?s={search_term_string}\"},\"query-input\":{\"@type\":\"PropertyValueSpecification\",\"valueRequired\":true,\"valueName\":\"search_term_string\"}}],\"inLanguage\":\"de\"},{\"@type\":\"Organization\",\"@id\":\"https:\\\/\\\/giethoornvillage.com\\\/de\\\/#organization\",\"name\":\"Giethoorn village\",\"url\":\"https:\\\/\\\/giethoornvillage.com\\\/de\\\/\",\"logo\":{\"@type\":\"ImageObject\",\"inLanguage\":\"de\",\"@id\":\"https:\\\/\\\/giethoornvillage.com\\\/de\\\/#\\\/schema\\\/logo\\\/image\\\/\",\"url\":\"https:\\\/\\\/giethoornvillage.com\\\/wp-content\\\/uploads\\\/2020\\\/10\\\/giethoorn-village-logo1.2web.png\",\"contentUrl\":\"https:\\\/\\\/giethoornvillage.com\\\/wp-content\\\/uploads\\\/2020\\\/10\\\/giethoorn-village-logo1.2web.png\",\"width\":200,\"height\":72,\"caption\":\"Giethoorn village\"},\"image\":{\"@id\":\"https:\\\/\\\/giethoornvillage.com\\\/de\\\/#\\\/schema\\\/logo\\\/image\\\/\"},\"sameAs\":[\"https:\\\/\\\/facebook.com\\\/giethoornvillage\",\"https:\\\/\\\/www.instagram.com\\\/giethoorn_village\\\/\"]}]}<\/script>\n<!-- \/ Yoast SEO plugin. -->","yoast_head_json":{"title":"Sommersonnenwende 2022- Wenn der l\u00e4ngste Tag des Jahres","description":"Sommersonnenwende 2020. wenn ist es der l\u00e4ngste Tag des Jahres. Solstice. Midsommar. l\u00e4ngsten Tag. Sommeranfang.","robots":{"index":"index","follow":"follow","max-snippet":"max-snippet:-1","max-image-preview":"max-image-preview:large","max-video-preview":"max-video-preview:-1"},"canonical":"https:\/\/giethoornvillage.com\/de\/sommersonnenwende\/","og_locale":"de_DE","og_type":"article","og_title":"Sommersonnenwende 2022- Wenn der l\u00e4ngste Tag des Jahres","og_description":"Sommersonnenwende 2020. wenn ist es der l\u00e4ngste Tag des Jahres. Solstice. Midsommar. l\u00e4ngsten Tag. Sommeranfang.","og_url":"https:\/\/giethoornvillage.com\/de\/sommersonnenwende\/","og_site_name":"Giethoorn village","article_publisher":"https:\/\/facebook.com\/giethoornvillage","article_modified_time":"2024-02-25T18:59:55+00:00","og_image":[{"url":"https:\/\/giethoornvillage.com\/wp-content\/uploads\/2021\/01\/IMG_4095-1-242x300.jpg","type":"","width":"","height":""}],"twitter_card":"summary_large_image","twitter_misc":{"Gesch\u00e4tzte Lesezeit":"7\u00a0Minuten"},"schema":{"@context":"https:\/\/schema.org","@graph":[{"@type":"WebPage","@id":"https:\/\/giethoornvillage.com\/de\/sommersonnenwende\/","url":"https:\/\/giethoornvillage.com\/de\/sommersonnenwende\/","name":"Sommersonnenwende 2022- Wenn der l\u00e4ngste Tag des Jahres","isPartOf":{"@id":"https:\/\/giethoornvillage.com\/de\/#website"},"primaryImageOfPage":{"@id":"https:\/\/giethoornvillage.com\/de\/sommersonnenwende\/#primaryimage"},"image":{"@id":"https:\/\/giethoornvillage.com\/de\/sommersonnenwende\/#primaryimage"},"thumbnailUrl":"https:\/\/giethoornvillage.com\/wp-content\/uploads\/2021\/01\/IMG_4095-1-242x300.jpg","datePublished":"2021-01-19T10:49:45+00:00","dateModified":"2024-02-25T18:59:55+00:00","description":"Sommersonnenwende 2020. wenn ist es der l\u00e4ngste Tag des Jahres. Solstice. Midsommar. l\u00e4ngsten Tag. Sommeranfang.","breadcrumb":{"@id":"https:\/\/giethoornvillage.com\/de\/sommersonnenwende\/#breadcrumb"},"inLanguage":"de","potentialAction":[{"@type":"ReadAction","target":["https:\/\/giethoornvillage.com\/de\/sommersonnenwende\/"]}]},{"@type":"ImageObject","inLanguage":"de","@id":"https:\/\/giethoornvillage.com\/de\/sommersonnenwende\/#primaryimage","url":"https:\/\/giethoornvillage.com\/wp-content\/uploads\/2021\/01\/IMG_4095-1-242x300.jpg","contentUrl":"https:\/\/giethoornvillage.com\/wp-content\/uploads\/2021\/01\/IMG_4095-1-242x300.jpg"},{"@type":"BreadcrumbList","@id":"https:\/\/giethoornvillage.com\/de\/sommersonnenwende\/#breadcrumb","itemListElement":[{"@type":"ListItem","position":1,"name":"Home","item":"https:\/\/giethoornvillage.com\/de\/"},{"@type":"ListItem","position":2,"name":"Sommersonnenwende"}]},{"@type":"WebSite","@id":"https:\/\/giethoornvillage.com\/de\/#website","url":"https:\/\/giethoornvillage.com\/de\/","name":"Giethoorn village","description":"About Giethoorn in the Netherlands","publisher":{"@id":"https:\/\/giethoornvillage.com\/de\/#organization"},"potentialAction":[{"@type":"SearchAction","target":{"@type":"EntryPoint","urlTemplate":"https:\/\/giethoornvillage.com\/de\/?s={search_term_string}"},"query-input":{"@type":"PropertyValueSpecification","valueRequired":true,"valueName":"search_term_string"}}],"inLanguage":"de"},{"@type":"Organization","@id":"https:\/\/giethoornvillage.com\/de\/#organization","name":"Giethoorn village","url":"https:\/\/giethoornvillage.com\/de\/","logo":{"@type":"ImageObject","inLanguage":"de","@id":"https:\/\/giethoornvillage.com\/de\/#\/schema\/logo\/image\/","url":"https:\/\/giethoornvillage.com\/wp-content\/uploads\/2020\/10\/giethoorn-village-logo1.2web.png","contentUrl":"https:\/\/giethoornvillage.com\/wp-content\/uploads\/2020\/10\/giethoorn-village-logo1.2web.png","width":200,"height":72,"caption":"Giethoorn village"},"image":{"@id":"https:\/\/giethoornvillage.com\/de\/#\/schema\/logo\/image\/"},"sameAs":["https:\/\/facebook.com\/giethoornvillage","https:\/\/www.instagram.com\/giethoorn_village\/"]}]}},"_links":{"self":[{"href":"https:\/\/giethoornvillage.com\/de\/wp-json\/wp\/v2\/pages\/7888","targetHints":{"allow":["GET"]}}],"collection":[{"href":"https:\/\/giethoornvillage.com\/de\/wp-json\/wp\/v2\/pages"}],"about":[{"href":"https:\/\/giethoornvillage.com\/de\/wp-json\/wp\/v2\/types\/page"}],"author":[{"embeddable":true,"href":"https:\/\/giethoornvillage.com\/de\/wp-json\/wp\/v2\/users\/2"}],"replies":[{"embeddable":true,"href":"https:\/\/giethoornvillage.com\/de\/wp-json\/wp\/v2\/comments?post=7888"}],"version-history":[{"count":0,"href":"https:\/\/giethoornvillage.com\/de\/wp-json\/wp\/v2\/pages\/7888\/revisions"}],"wp:attachment":[{"href":"https:\/\/giethoornvillage.com\/de\/wp-json\/wp\/v2\/media?parent=7888"}],"curies":[{"name":"wp","href":"https:\/\/api.w.org\/{rel}","templated":true}]}}