{"id":18518,"date":"2021-10-07T07:55:11","date_gmt":"2021-10-07T07:55:11","guid":{"rendered":"https:\/\/giethoornvillage.com\/giethoorn-bootje-huren\/"},"modified":"2026-01-18T10:22:36","modified_gmt":"2026-01-18T10:22:36","slug":"giethoorn-bootje-huren","status":"publish","type":"page","link":"https:\/\/giethoornvillage.com\/it\/giethoorn-bootje-huren\/","title":{"rendered":"Giethoornbootjehuren.nl"},"content":{"rendered":"","protected":false},"excerpt":{"rendered":"","protected":false},"author":2,"featured_media":0,"parent":0,"menu_order":40,"comment_status":"closed","ping_status":"closed","template":"","meta":{"site-sidebar-layout":"no-sidebar","site-content-layout":"page-builder","ast-site-content-layout":"full-width-container","site-content-style":"unboxed","site-sidebar-style":"unboxed","ast-global-header-display":"","ast-banner-title-visibility":"","ast-main-header-display":"","ast-hfb-above-header-display":"","ast-hfb-below-header-display":"","ast-hfb-mobile-header-display":"","site-post-title":"disabled","ast-breadcrumbs-content":"","ast-featured-img":"disabled","footer-sml-layout":"","ast-disable-related-posts":"","theme-transparent-header-meta":"default","adv-header-id-meta":"","stick-header-meta":"default","header-above-stick-meta":"","header-main-stick-meta":"","header-below-stick-meta":"","astra-migrate-meta-layouts":"default","ast-page-background-enabled":"default","ast-page-background-meta":{"desktop":{"background-color":"","background-image":"","background-repeat":"repeat","background-position":"center center","background-size":"auto","background-attachment":"scroll","background-type":"","background-media":"","overlay-type":"","overlay-color":"","overlay-opacity":"","overlay-gradient":""},"tablet":{"background-color":"","background-image":"","background-repeat":"repeat","background-position":"center center","background-size":"auto","background-attachment":"scroll","background-type":"","background-media":"","overlay-type":"","overlay-color":"","overlay-opacity":"","overlay-gradient":""},"mobile":{"background-color":"","background-image":"","background-repeat":"repeat","background-position":"center center","background-size":"auto","background-attachment":"scroll","background-type":"","background-media":"","overlay-type":"","overlay-color":"","overlay-opacity":"","overlay-gradient":""}},"ast-content-background-meta":{"desktop":{"background-color":"var(--ast-global-color-5)","background-image":"","background-repeat":"repeat","background-position":"center center","background-size":"auto","background-attachment":"scroll","background-type":"","background-media":"","overlay-type":"","overlay-color":"","overlay-opacity":"","overlay-gradient":""},"tablet":{"background-color":"var(--ast-global-color-5)","background-image":"","background-repeat":"repeat","background-position":"center center","background-size":"auto","background-attachment":"scroll","background-type":"","background-media":"","overlay-type":"","overlay-color":"","overlay-opacity":"","overlay-gradient":""},"mobile":{"background-color":"var(--ast-global-color-5)","background-image":"","background-repeat":"repeat","background-position":"center center","background-size":"auto","background-attachment":"scroll","background-type":"","background-media":"","overlay-type":"","overlay-color":"","overlay-opacity":"","overlay-gradient":""}},"footnotes":""},"class_list":["post-18518","page","type-page","status-publish","hentry"],"yoast_head":"<!-- This site is optimized with the Yoast SEO plugin v27.5 - https:\/\/yoast.com\/product\/yoast-seo-wordpress\/ -->\n<title>Giethoornbootjehuren.nl - Societ\u00e0 di noleggio barche a Giethoorn.<\/title>\n<meta name=\"description\" content=\"Giethoornbootjehuren.nl Noleggio barche a Giethoorn a prezzi onesti. La sostenibilit\u00e0 \u00e8 fondamentale per questa societ\u00e0 di noleggio barche.\" \/>\n<meta name=\"robots\" content=\"index, follow, max-snippet:-1, max-image-preview:large, max-video-preview:-1\" \/>\n<link rel=\"canonical\" href=\"https:\/\/giethoornvillage.com\/it\/giethoorn-bootje-huren\/\" \/>\n<meta property=\"og:locale\" content=\"it_IT\" \/>\n<meta property=\"og:type\" content=\"article\" \/>\n<meta property=\"og:title\" content=\"Giethoornbootjehuren.nl - Societ\u00e0 di noleggio barche a Giethoorn.\" \/>\n<meta property=\"og:description\" content=\"Giethoornbootjehuren.nl Noleggio barche a Giethoorn a prezzi onesti. La sostenibilit\u00e0 \u00e8 fondamentale per questa societ\u00e0 di noleggio barche.\" \/>\n<meta property=\"og:url\" content=\"https:\/\/giethoornvillage.com\/it\/giethoorn-bootje-huren\/\" \/>\n<meta property=\"og:site_name\" content=\"Giethoorn village\" \/>\n<meta property=\"article:publisher\" content=\"https:\/\/facebook.com\/giethoornvillage\" \/>\n<meta property=\"article:modified_time\" content=\"2026-01-18T10:22:36+00:00\" \/>\n<meta name=\"twitter:card\" content=\"summary_large_image\" \/>\n<script type=\"application\/ld+json\" class=\"yoast-schema-graph\">{\"@context\":\"https:\\\/\\\/schema.org\",\"@graph\":[{\"@type\":\"WebPage\",\"@id\":\"https:\\\/\\\/giethoornvillage.com\\\/it\\\/giethoorn-bootje-huren\\\/\",\"url\":\"https:\\\/\\\/giethoornvillage.com\\\/it\\\/giethoorn-bootje-huren\\\/\",\"name\":\"Giethoornbootjehuren.nl - Societ\u00e0 di noleggio barche a Giethoorn.\",\"isPartOf\":{\"@id\":\"https:\\\/\\\/giethoornvillage.com\\\/it\\\/#website\"},\"datePublished\":\"2021-10-07T07:55:11+00:00\",\"dateModified\":\"2026-01-18T10:22:36+00:00\",\"description\":\"Giethoornbootjehuren.nl Noleggio barche a Giethoorn a prezzi onesti. La sostenibilit\u00e0 \u00e8 fondamentale per questa societ\u00e0 di noleggio barche.\",\"breadcrumb\":{\"@id\":\"https:\\\/\\\/giethoornvillage.com\\\/it\\\/giethoorn-bootje-huren\\\/#breadcrumb\"},\"inLanguage\":\"it-IT\",\"potentialAction\":[{\"@type\":\"ReadAction\",\"target\":[\"https:\\\/\\\/giethoornvillage.com\\\/it\\\/giethoorn-bootje-huren\\\/\"]}]},{\"@type\":\"BreadcrumbList\",\"@id\":\"https:\\\/\\\/giethoornvillage.com\\\/it\\\/giethoorn-bootje-huren\\\/#breadcrumb\",\"itemListElement\":[{\"@type\":\"ListItem\",\"position\":1,\"name\":\"Home\",\"item\":\"https:\\\/\\\/giethoornvillage.com\\\/it\\\/\"},{\"@type\":\"ListItem\",\"position\":2,\"name\":\"Giethoornbootjehuren.nl\"}]},{\"@type\":\"WebSite\",\"@id\":\"https:\\\/\\\/giethoornvillage.com\\\/it\\\/#website\",\"url\":\"https:\\\/\\\/giethoornvillage.com\\\/it\\\/\",\"name\":\"Giethoorn village\",\"description\":\"About Giethoorn in the Netherlands\",\"publisher\":{\"@id\":\"https:\\\/\\\/giethoornvillage.com\\\/it\\\/#organization\"},\"potentialAction\":[{\"@type\":\"SearchAction\",\"target\":{\"@type\":\"EntryPoint\",\"urlTemplate\":\"https:\\\/\\\/giethoornvillage.com\\\/it\\\/?s={search_term_string}\"},\"query-input\":{\"@type\":\"PropertyValueSpecification\",\"valueRequired\":true,\"valueName\":\"search_term_string\"}}],\"inLanguage\":\"it-IT\"},{\"@type\":\"Organization\",\"@id\":\"https:\\\/\\\/giethoornvillage.com\\\/it\\\/#organization\",\"name\":\"Giethoorn village\",\"url\":\"https:\\\/\\\/giethoornvillage.com\\\/it\\\/\",\"logo\":{\"@type\":\"ImageObject\",\"inLanguage\":\"it-IT\",\"@id\":\"https:\\\/\\\/giethoornvillage.com\\\/it\\\/#\\\/schema\\\/logo\\\/image\\\/\",\"url\":\"https:\\\/\\\/giethoornvillage.com\\\/wp-content\\\/uploads\\\/2020\\\/10\\\/giethoorn-village-logo1.2web.png\",\"contentUrl\":\"https:\\\/\\\/giethoornvillage.com\\\/wp-content\\\/uploads\\\/2020\\\/10\\\/giethoorn-village-logo1.2web.png\",\"width\":200,\"height\":72,\"caption\":\"Giethoorn village\"},\"image\":{\"@id\":\"https:\\\/\\\/giethoornvillage.com\\\/it\\\/#\\\/schema\\\/logo\\\/image\\\/\"},\"sameAs\":[\"https:\\\/\\\/facebook.com\\\/giethoornvillage\",\"https:\\\/\\\/www.instagram.com\\\/giethoorn_village\\\/\"]}]}<\/script>\n<!-- \/ Yoast SEO plugin. -->","yoast_head_json":{"title":"Giethoornbootjehuren.nl - Societ\u00e0 di noleggio barche a Giethoorn.","description":"Giethoornbootjehuren.nl Noleggio barche a Giethoorn a prezzi onesti. La sostenibilit\u00e0 \u00e8 fondamentale per questa societ\u00e0 di noleggio barche.","robots":{"index":"index","follow":"follow","max-snippet":"max-snippet:-1","max-image-preview":"max-image-preview:large","max-video-preview":"max-video-preview:-1"},"canonical":"https:\/\/giethoornvillage.com\/it\/giethoorn-bootje-huren\/","og_locale":"it_IT","og_type":"article","og_title":"Giethoornbootjehuren.nl - Societ\u00e0 di noleggio barche a Giethoorn.","og_description":"Giethoornbootjehuren.nl Noleggio barche a Giethoorn a prezzi onesti. La sostenibilit\u00e0 \u00e8 fondamentale per questa societ\u00e0 di noleggio barche.","og_url":"https:\/\/giethoornvillage.com\/it\/giethoorn-bootje-huren\/","og_site_name":"Giethoorn village","article_publisher":"https:\/\/facebook.com\/giethoornvillage","article_modified_time":"2026-01-18T10:22:36+00:00","twitter_card":"summary_large_image","schema":{"@context":"https:\/\/schema.org","@graph":[{"@type":"WebPage","@id":"https:\/\/giethoornvillage.com\/it\/giethoorn-bootje-huren\/","url":"https:\/\/giethoornvillage.com\/it\/giethoorn-bootje-huren\/","name":"Giethoornbootjehuren.nl - Societ\u00e0 di noleggio barche a Giethoorn.","isPartOf":{"@id":"https:\/\/giethoornvillage.com\/it\/#website"},"datePublished":"2021-10-07T07:55:11+00:00","dateModified":"2026-01-18T10:22:36+00:00","description":"Giethoornbootjehuren.nl Noleggio barche a Giethoorn a prezzi onesti. La sostenibilit\u00e0 \u00e8 fondamentale per questa societ\u00e0 di noleggio barche.","breadcrumb":{"@id":"https:\/\/giethoornvillage.com\/it\/giethoorn-bootje-huren\/#breadcrumb"},"inLanguage":"it-IT","potentialAction":[{"@type":"ReadAction","target":["https:\/\/giethoornvillage.com\/it\/giethoorn-bootje-huren\/"]}]},{"@type":"BreadcrumbList","@id":"https:\/\/giethoornvillage.com\/it\/giethoorn-bootje-huren\/#breadcrumb","itemListElement":[{"@type":"ListItem","position":1,"name":"Home","item":"https:\/\/giethoornvillage.com\/it\/"},{"@type":"ListItem","position":2,"name":"Giethoornbootjehuren.nl"}]},{"@type":"WebSite","@id":"https:\/\/giethoornvillage.com\/it\/#website","url":"https:\/\/giethoornvillage.com\/it\/","name":"Giethoorn village","description":"About Giethoorn in the Netherlands","publisher":{"@id":"https:\/\/giethoornvillage.com\/it\/#organization"},"potentialAction":[{"@type":"SearchAction","target":{"@type":"EntryPoint","urlTemplate":"https:\/\/giethoornvillage.com\/it\/?s={search_term_string}"},"query-input":{"@type":"PropertyValueSpecification","valueRequired":true,"valueName":"search_term_string"}}],"inLanguage":"it-IT"},{"@type":"Organization","@id":"https:\/\/giethoornvillage.com\/it\/#organization","name":"Giethoorn village","url":"https:\/\/giethoornvillage.com\/it\/","logo":{"@type":"ImageObject","inLanguage":"it-IT","@id":"https:\/\/giethoornvillage.com\/it\/#\/schema\/logo\/image\/","url":"https:\/\/giethoornvillage.com\/wp-content\/uploads\/2020\/10\/giethoorn-village-logo1.2web.png","contentUrl":"https:\/\/giethoornvillage.com\/wp-content\/uploads\/2020\/10\/giethoorn-village-logo1.2web.png","width":200,"height":72,"caption":"Giethoorn village"},"image":{"@id":"https:\/\/giethoornvillage.com\/it\/#\/schema\/logo\/image\/"},"sameAs":["https:\/\/facebook.com\/giethoornvillage","https:\/\/www.instagram.com\/giethoorn_village\/"]}]}},"_links":{"self":[{"href":"https:\/\/giethoornvillage.com\/it\/wp-json\/wp\/v2\/pages\/18518","targetHints":{"allow":["GET"]}}],"collection":[{"href":"https:\/\/giethoornvillage.com\/it\/wp-json\/wp\/v2\/pages"}],"about":[{"href":"https:\/\/giethoornvillage.com\/it\/wp-json\/wp\/v2\/types\/page"}],"author":[{"embeddable":true,"href":"https:\/\/giethoornvillage.com\/it\/wp-json\/wp\/v2\/users\/2"}],"replies":[{"embeddable":true,"href":"https:\/\/giethoornvillage.com\/it\/wp-json\/wp\/v2\/comments?post=18518"}],"version-history":[{"count":0,"href":"https:\/\/giethoornvillage.com\/it\/wp-json\/wp\/v2\/pages\/18518\/revisions"}],"wp:attachment":[{"href":"https:\/\/giethoornvillage.com\/it\/wp-json\/wp\/v2\/media?parent=18518"}],"curies":[{"name":"wp","href":"https:\/\/api.w.org\/{rel}","templated":true}]}}